{"id":2760,"date":"2026-03-27T11:41:59","date_gmt":"2026-03-27T11:41:59","guid":{"rendered":"https:\/\/www.regaenergy.com\/privacy-notice-suppliers-and-service-providers\/"},"modified":"2026-04-21T09:24:43","modified_gmt":"2026-04-21T09:24:43","slug":"aviso-de-privacidade-fornecedores-e-parceiros","status":"publish","type":"page","link":"https:\/\/www.regaenergy.com\/pt-pt\/aviso-de-privacidade-fornecedores-e-parceiros\/","title":{"rendered":"Aviso de Privacidade \u2013 Fornecedores e parceiros"},"content":{"rendered":"[vc_row type=&#8221;full_width_background&#8221; full_screen_row_position=&#8221;middle&#8221; column_margin=&#8221;default&#8221; column_direction=&#8221;default&#8221; column_direction_tablet=&#8221;default&#8221; column_direction_phone=&#8221;default&#8221; bg_color=&#8221;#e9e5e1&#8243; scene_position=&#8221;center&#8221; top_padding=&#8221;10%&#8221; bottom_padding=&#8221;5%&#8221; text_color=&#8221;dark&#8221; text_align=&#8221;left&#8221; row_border_radius=&#8221;none&#8221; row_border_radius_applies=&#8221;bg&#8221; overflow=&#8221;visible&#8221; overlay_strength=&#8221;0.3&#8243; gradient_direction=&#8221;left_to_right&#8221; shape_divider_position=&#8221;bottom&#8221; bg_image_animation=&#8221;none&#8221; gradient_type=&#8221;default&#8221; shape_type=&#8221;&#8221;][vc_column column_padding=&#8221;no-extra-padding&#8221; column_padding_tablet=&#8221;inherit&#8221; column_padding_phone=&#8221;inherit&#8221; column_padding_position=&#8221;all&#8221; column_element_direction_desktop=&#8221;default&#8221; column_element_spacing=&#8221;default&#8221; desktop_text_alignment=&#8221;default&#8221; tablet_text_alignment=&#8221;default&#8221; phone_text_alignment=&#8221;default&#8221; background_color_opacity=&#8221;1&#8243; background_hover_color_opacity=&#8221;1&#8243; column_backdrop_filter=&#8221;none&#8221; column_shadow=&#8221;none&#8221; column_border_radius=&#8221;none&#8221; column_link_target=&#8221;_self&#8221; column_position=&#8221;default&#8221; gradient_direction=&#8221;left_to_right&#8221; overlay_strength=&#8221;0.3&#8243; width=&#8221;1\/1&#8243; tablet_width_inherit=&#8221;default&#8221; animation_type=&#8221;default&#8221; bg_image_animation=&#8221;none&#8221; border_type=&#8221;simple&#8221; column_border_width=&#8221;none&#8221; column_border_style=&#8221;solid&#8221;][vc_column_text css=&#8221;&#8221; text_direction=&#8221;default&#8221;]\n<h1 style=\"text-align: center;\">Aviso de Privacidade<\/h1>\n<p style=\"text-align: center;\"><strong>(Fornecedores e parceiros)<\/strong><\/p>\n<p>&nbsp;<\/p>\n<p>&nbsp;<\/p>\n<p>&nbsp;<\/p>\n<h5><\/h5>\n<ul>\n<li><strong>Respons\u00e1vel pelo Tratamento:<\/strong> REGAENERGY GROUP, S.A. (\u201cREGAENERGY\u201d)<\/li>\n<li>Matriculada na Conservat\u00f3ria do Registo Comercial do Porto (NIPC 516438999)<\/li>\n<li><strong>Capital Social:<\/strong>\u00a0EUR 64,917.00<\/li>\n<li><strong>Sede:\u00a0<\/strong>Avenida Engenheiro Duarte Pacheco, N\u00ba26, piso 12, 1070-111 Lisboa<\/li>\n<li><strong>E-mail:\u00a0<\/strong><a href=\"mailto:rgpd@regaenergy.com\"><u>rgpd@regaenergy.com<\/u><\/a><\/li>\n<\/ul>\n<h5><strong>\u00a0<\/strong><\/h5>\n<h5><strong><u>Finalidades, fundamento jur\u00eddico e prazos de conserva\u00e7\u00e3o de dados pessoais<\/u><\/strong><\/h5>\n<p>Os dados do Fornecedor\/Parceiro (quando este seja uma pessoa individual ou, caso este seja uma pessoa coletiva, os dados pessoais dos respetivos representantes legais e colaboradores) s\u00e3o tratados para as seguintes finalidades e com os seguintes fundamentos jur\u00eddicos e prazos de conserva\u00e7\u00e3o:<\/p>\n<table class=\"tabela_privacidade\">\n<tbody>\n<tr>\n<td width=\"188\"><strong>Finalidade de tratamento<\/strong><\/td>\n<td width=\"188\"><strong>Fundamento jur\u00eddico<\/strong><\/td>\n<td width=\"188\"><strong>Prazo de conserva\u00e7\u00e3o <\/strong><\/td>\n<\/tr>\n<tr>\n<td width=\"188\">Gest\u00e3o da rela\u00e7\u00e3o contratual entre a REGAENERGY e os seus fornecedores e parceiros, execu\u00e7\u00e3o do contrato.<\/td>\n<td width=\"188\">Interesse leg\u00edtimo da REGAENERGY em executar as rela\u00e7\u00f5es contratuais e prospetivas rela\u00e7\u00f5es comerciais com fornecedores e parceiros.<\/p>\n<p>&nbsp;<\/td>\n<td width=\"188\">At\u00e9 que cesse a finalidade para a qual os dados foram recolhidos<\/td>\n<\/tr>\n<\/tbody>\n<\/table>\n<p>Caso seja uma pessoa coletiva, o Fornecedor garante que se encontra legitimado a transmitir os dados dos seus representantes legais e colaboradores \u00e0 REGAENERGY, que tratar\u00e1 os referidos dados de forma confidencial, exclusivamente para os efeitos das finalidades e com o fundamento acima referido.<\/p>\n<p>&nbsp;<\/p>\n<h5><strong><u>Destinat\u00e1rios de dados pessoais e transfer\u00eancias<\/u><\/strong><\/h5>\n<p>Os dados pessoais do Fornecedor\/Parceiro poder\u00e3o ser fornecidos aos prestadores de servi\u00e7os da REGAENERGY que tratam dados pessoais (\u201c<strong>subcontratantes<\/strong>\u201d), incluindo a Sociedades Participadas desta (i.e. sociedades comerciais detidas pela REGAENERGY, directa ou indirectamente). Qualquer entidade subcontratante tratar\u00e1 os dados pessoais dos titulares dos dados, em nome e por conta da Respons\u00e1vel pelo Tratamento, na estrita obriga\u00e7\u00e3o de seguir as instru\u00e7\u00f5es desta e as finalidades de tratamento indicadas acima. Asseguramos que tais entidades subcontratantes oferecem garantias suficientes de execu\u00e7\u00e3o de medidas t\u00e9cnicas e organizativas adequadas de forma que o tratamento satisfa\u00e7a os requisitos da legisla\u00e7\u00e3o aplic\u00e1vel e assegure a seguran\u00e7a e prote\u00e7\u00e3o dos direitos dos titulares dos dados, nos termos do acordo de subcontrata\u00e7\u00e3o celebrado com as referidas entidades subcontratantes.<\/p>\n<p>Os dados pessoais do Fornecedor\/Parceiro poder\u00e3o igualmente ser fornecidos a prestadores de servi\u00e7os que tratam dados pessoais, mas que atuam na qualidade de respons\u00e1veis pelo tratamento, conforme poder\u00e1 ser o caso de revisores oficiais de contas ou escrit\u00f3rios de advogados.<\/p>\n<p>Em determinadas situa\u00e7\u00f5es, os dados pessoais poder\u00e3o ainda ser transmitidos a entidades terceiras, incluindo autoridades competentes e entidades reguladoras, quando tais comunica\u00e7\u00f5es de dados sejam necess\u00e1rias ou adequadas (i) \u00e0 luz da lei aplic\u00e1vel, (ii) para cumprimento de obriga\u00e7\u00f5es legais, regulat\u00f3rias e\/ou ordens judiciais ou administrativas, (iii) por determina\u00e7\u00e3o da Comiss\u00e3o Nacional de Prote\u00e7\u00e3o de Dados ou de outra autoridade de controlo competente, ou (iv) para responder a solicita\u00e7\u00f5es de autoridades p\u00fablicas ou governamentais, como por exemplo, autoridades fiscais, tribunais e entidades regulat\u00f3rias.<\/p>\n<p>Os dados pessoais do Fornecedor\/Parceiro poder\u00e3o tamb\u00e9m ser transferidos para fora da U.E. \/ EEE, caso em que a respons\u00e1vel pelo tratamento o informar\u00e1 desse facto. As transfer\u00eancias em causa ser\u00e3o realizadas em estrito cumprimento da legisla\u00e7\u00e3o aplic\u00e1vel sobre tratamento de dados e do cap\u00edtulo V do RGPD, sendo transferidos ao abrigo de uma Decis\u00e3o de Adequa\u00e7\u00e3o da Comiss\u00e3o Europeia, nos casos em que tal seja aplic\u00e1vel, ou atrav\u00e9s da ado\u00e7\u00e3o das Cl\u00e1usulas Contratuais-Tipo da Uni\u00e3o Europeia para transfer\u00eancias internacionais de dados.<\/p>\n<p>Mais informa\u00e7\u00e3o sobre as cl\u00e1usulas contratuais tipo da UE pode ser consultada aqui: \u00a0\u00a0<a href=\"https:\/\/eur-lex.europa.eu\/legal-content\/PT\/TXT\/HTML\/?uri=CELEX%3A32021D0914\">https:\/\/eur-lex.europa.eu\/legal-content\/PT\/TXT\/HTML\/?uri=CELEX%3A32021D0914<\/a><\/p>\n<p>Mais informa\u00e7\u00e3o sobre os pa\u00edses abrangidos por decis\u00f5es de adequa\u00e7\u00e3o pode ser encontrada aqui: <a href=\"https:\/\/www.edpb.europa.eu\/sme-data-protection-guide\/international-data-transfers_pt\">https:\/\/www.edpb.europa.eu\/sme-data-protection-guide\/international-data-transfers_pt<\/a><\/p>\n<p>&nbsp;<\/p>\n<h5><strong><u>Direitos do titular de dados<\/u><\/strong><\/h5>\n<p>Nos termos previstos na lei, o titular dos dados poder\u00e1 a todo o tempo exercer os seus direitos relativamente aos dados pessoais que lhe digam respeito (nalguns casos, e dependendo dos termos do contrato em vigor, estes direitos poder\u00e3o ser exercidos atrav\u00e9s do Fornecedor ou Parceiro no qual o titular dos dados esteja integrado):<\/p>\n<ul>\n<li><strong>Acesso: <\/strong>o titular de dados tem o direito de aceder aos seus dados pessoais.<\/li>\n<li><strong>Retifica\u00e7\u00e3o<\/strong>: o titular dos dados tem o direito de obter a retifica\u00e7\u00e3o dos dados pessoais inexatos que lhe digam respeito, bem como o direito a que, caso tenha os seus dados pessoais incompletos, estes sejam completados;<\/li>\n<li><strong>Apagamento dos seus Dados<\/strong>: o titular dos dados tem o direito de solicitar o apagamento dos seus dados em determinados casos, designadamente, mas sem limitar, os dados pessoais que deixem de ser necess\u00e1rios para a finalidade que motivou a sua recolha ou tratamento, em que o titular dos dados retire consentimento em que se baseia o tratamento dos dados, entre outros;<\/li>\n<li><strong>Portabilidade dos Dados<\/strong>: em determinados casos, o titular dos dados pode requerer os dados pessoais que lhe digam respeito e que tenha fornecido \u00e0 REGAENERGY, num formato estruturado, de uso corrente e de leitura autom\u00e1tica e o direito de transmitir esses dados a outro respons\u00e1vel pelo tratamento;<\/li>\n<li><strong>Limita\u00e7\u00e3o do Tratamento<\/strong>: o titular dos dados tem o direito de solicitar a limita\u00e7\u00e3o do tratamento dos seus dados em determinados casos, nomeadamente, nos casos em que o tratamento seja il\u00edcito e o titular dos dados se opuser ao apagamento dos seus dados (e, em contrapartida, solicitar a limita\u00e7\u00e3o do seu tratamento), e quando a REGAENERGY j\u00e1 n\u00e3o precisar dos dados pessoais para fins de tratamento, mas estes sejam requeridos pelo titular dos dados para efeitos de declara\u00e7\u00e3o, exerc\u00edcio, ou defesa de um direito num processo judicial, entre outros;<\/li>\n<li><strong>Oposi\u00e7\u00e3o<\/strong>: o titular dos dados poder\u00e1 opor-se ao tratamento dos seus dados, por motivos relacionados com a sua situa\u00e7\u00e3o particular, e nos casos em que (i) os dados sejam tratados para efeitos dos interesses leg\u00edtimos prosseguidos pela REGAENERGY ou por terceiros, ou sejam tratados para fins que n\u00e3o sejam aqueles para os quais os dados foram recolhidos e n\u00e3o seja realizado com o consentimento do titular dos dados ou tendo por base disposi\u00e7\u00f5es do direito da Uni\u00e3o Europeia ou dos Estados-Membros, ou (ii) os dados pessoais sejam tratados para efeitos de comercializa\u00e7\u00e3o direta, ou (iii) os dados pessoais forem tratados para fins de investiga\u00e7\u00e3o cient\u00edfica ou hist\u00f3rica ou para fins estat\u00edsticos.<\/li>\n<\/ul>\n<p>O titular dos dados tem ainda o direito de apresentar uma reclama\u00e7\u00e3o \u00e0 Comiss\u00e3o Nacional de Prote\u00e7\u00e3o de Dados (<a href=\"http:\/\/www.cnpd.pt\">www.cnpd.pt<\/a>). Em todo o caso, caso tenha alguma quest\u00e3o ou pretenda exercer algum direito relativamente aos seus dados pessoais, recomendamos que contacte a Respons\u00e1vel pelo Tratamento, atrav\u00e9s do seguinte endere\u00e7o: <a href=\"mailto:rgpd@regaenergy.com\">rgpd@regaenergy.com<\/a><\/p>\n<p>&nbsp;<\/p>\n<h5><strong><u>Vers\u00e3o<\/u><\/strong><\/h5>\n<p>13.08.2025[\/vc_column_text][\/vc_column][\/vc_row]\n","protected":false},"excerpt":{"rendered":"<p>[vc_row type=&#8221;full_width_background&#8221; full_screen_row_position=&#8221;middle&#8221; column_margin=&#8221;default&#8221; column_direction=&#8221;default&#8221; column_direction_tablet=&#8221;default&#8221; column_direction_phone=&#8221;default&#8221; bg_color=&#8221;#e9e5e1&#8243; scene_position=&#8221;center&#8221; top_padding=&#8221;10%&#8221; bottom_padding=&#8221;5%&#8221; text_color=&#8221;dark&#8221; text_align=&#8221;left&#8221; row_border_radius=&#8221;none&#8221; row_border_radius_applies=&#8221;bg&#8221; overflow=&#8221;visible&#8221; overlay_strength=&#8221;0.3&#8243; gradient_direction=&#8221;left_to_right&#8221; shape_divider_position=&#8221;bottom&#8221; bg_image_animation=&#8221;none&#8221; gradient_type=&#8221;default&#8221; shape_type=&#8221;&#8221;][vc_column column_padding=&#8221;no-extra-padding&#8221; column_padding_tablet=&#8221;inherit&#8221; column_padding_phone=&#8221;inherit&#8221; column_padding_position=&#8221;all&#8221; column_element_direction_desktop=&#8221;default&#8221; column_element_spacing=&#8221;default&#8221; desktop_text_alignment=&#8221;default&#8221; tablet_text_alignment=&#8221;default&#8221;&#8230;<\/p>\n","protected":false},"author":1,"featured_media":0,"parent":0,"menu_order":0,"comment_status":"closed","ping_status":"closed","template":"","meta":{"footnotes":""},"class_list":["post-2760","page","type-page","status-publish"],"yoast_head":"<!-- This site is optimized with the Yoast SEO plugin v23.0 - https:\/\/yoast.com\/wordpress\/plugins\/seo\/ -->\r\n<title>Aviso de Privacidade \u2013 Fornecedores e parceiros - Rega Energy<\/title>\r\n<meta name=\"robots\" content=\"index, follow, max-snippet:-1, max-image-preview:large, max-video-preview:-1\" \/>\r\n<link rel=\"canonical\" href=\"https:\/\/www.regaenergy.com\/pt-pt\/aviso-de-privacidade-fornecedores-e-parceiros\/\" \/>\r\n<meta property=\"og:locale\" content=\"pt_PT\" \/>\r\n<meta property=\"og:type\" content=\"article\" \/>\r\n<meta property=\"og:title\" content=\"Aviso de Privacidade \u2013 Fornecedores e parceiros - Rega Energy\" \/>\r\n<meta property=\"og:description\" content=\"[vc_row type=&#8221;full_width_background&#8221; full_screen_row_position=&#8221;middle&#8221; column_margin=&#8221;default&#8221; column_direction=&#8221;default&#8221; column_direction_tablet=&#8221;default&#8221; column_direction_phone=&#8221;default&#8221; bg_color=&#8221;#e9e5e1&#8243; scene_position=&#8221;center&#8221; top_padding=&#8221;10%&#8221; bottom_padding=&#8221;5%&#8221; text_color=&#8221;dark&#8221; text_align=&#8221;left&#8221; row_border_radius=&#8221;none&#8221; row_border_radius_applies=&#8221;bg&#8221; overflow=&#8221;visible&#8221; overlay_strength=&#8221;0.3&#8243; gradient_direction=&#8221;left_to_right&#8221; shape_divider_position=&#8221;bottom&#8221; bg_image_animation=&#8221;none&#8221; gradient_type=&#8221;default&#8221; shape_type=&#8221;&#8221;][vc_column column_padding=&#8221;no-extra-padding&#8221; column_padding_tablet=&#8221;inherit&#8221; column_padding_phone=&#8221;inherit&#8221; column_padding_position=&#8221;all&#8221; column_element_direction_desktop=&#8221;default&#8221; column_element_spacing=&#8221;default&#8221; desktop_text_alignment=&#8221;default&#8221; tablet_text_alignment=&#8221;default&#8221;...\" \/>\r\n<meta property=\"og:url\" content=\"https:\/\/www.regaenergy.com\/pt-pt\/aviso-de-privacidade-fornecedores-e-parceiros\/\" \/>\r\n<meta property=\"og:site_name\" content=\"Rega Energy\" \/>\r\n<meta property=\"article:modified_time\" content=\"2026-04-21T09:24:43+00:00\" \/>\r\n<meta name=\"twitter:card\" content=\"summary_large_image\" \/>\r\n<meta name=\"twitter:label1\" content=\"Tempo estimado de leitura\" \/>\n\t<meta name=\"twitter:data1\" content=\"5 minutos\" \/>\r\n<script type=\"application\/ld+json\" class=\"yoast-schema-graph\">{\"@context\":\"https:\/\/schema.org\",\"@graph\":[{\"@type\":\"WebPage\",\"@id\":\"https:\/\/www.regaenergy.com\/pt-pt\/aviso-de-privacidade-fornecedores-e-parceiros\/\",\"url\":\"https:\/\/www.regaenergy.com\/pt-pt\/aviso-de-privacidade-fornecedores-e-parceiros\/\",\"name\":\"Aviso de Privacidade \u2013 Fornecedores e parceiros - Rega Energy\",\"isPartOf\":{\"@id\":\"https:\/\/www.regaenergy.com\/#website\"},\"datePublished\":\"2026-03-27T11:41:59+00:00\",\"dateModified\":\"2026-04-21T09:24:43+00:00\",\"breadcrumb\":{\"@id\":\"https:\/\/www.regaenergy.com\/pt-pt\/aviso-de-privacidade-fornecedores-e-parceiros\/#breadcrumb\"},\"inLanguage\":\"pt-PT\",\"potentialAction\":[{\"@type\":\"ReadAction\",\"target\":[\"https:\/\/www.regaenergy.com\/pt-pt\/aviso-de-privacidade-fornecedores-e-parceiros\/\"]}]},{\"@type\":\"BreadcrumbList\",\"@id\":\"https:\/\/www.regaenergy.com\/pt-pt\/aviso-de-privacidade-fornecedores-e-parceiros\/#breadcrumb\",\"itemListElement\":[{\"@type\":\"ListItem\",\"position\":1,\"name\":\"Home\",\"item\":\"https:\/\/www.regaenergy.com\/pt-pt\/\"},{\"@type\":\"ListItem\",\"position\":2,\"name\":\"Aviso de Privacidade \u2013 Fornecedores e parceiros\"}]},{\"@type\":\"WebSite\",\"@id\":\"https:\/\/www.regaenergy.com\/#website\",\"url\":\"https:\/\/www.regaenergy.com\/\",\"name\":\"Rega Energy\",\"description\":\"\",\"potentialAction\":[{\"@type\":\"SearchAction\",\"target\":{\"@type\":\"EntryPoint\",\"urlTemplate\":\"https:\/\/www.regaenergy.com\/?s={search_term_string}\"},\"query-input\":\"required name=search_term_string\"}],\"inLanguage\":\"pt-PT\"}]}<\/script>\r\n<!-- \/ Yoast SEO plugin. -->","yoast_head_json":{"title":"Aviso de Privacidade \u2013 Fornecedores e parceiros - Rega Energy","robots":{"index":"index","follow":"follow","max-snippet":"max-snippet:-1","max-image-preview":"max-image-preview:large","max-video-preview":"max-video-preview:-1"},"canonical":"https:\/\/www.regaenergy.com\/pt-pt\/aviso-de-privacidade-fornecedores-e-parceiros\/","og_locale":"pt_PT","og_type":"article","og_title":"Aviso de Privacidade \u2013 Fornecedores e parceiros - Rega Energy","og_description":"[vc_row type=&#8221;full_width_background&#8221; full_screen_row_position=&#8221;middle&#8221; column_margin=&#8221;default&#8221; column_direction=&#8221;default&#8221; column_direction_tablet=&#8221;default&#8221; column_direction_phone=&#8221;default&#8221; bg_color=&#8221;#e9e5e1&#8243; scene_position=&#8221;center&#8221; top_padding=&#8221;10%&#8221; bottom_padding=&#8221;5%&#8221; text_color=&#8221;dark&#8221; text_align=&#8221;left&#8221; row_border_radius=&#8221;none&#8221; row_border_radius_applies=&#8221;bg&#8221; overflow=&#8221;visible&#8221; overlay_strength=&#8221;0.3&#8243; gradient_direction=&#8221;left_to_right&#8221; shape_divider_position=&#8221;bottom&#8221; bg_image_animation=&#8221;none&#8221; gradient_type=&#8221;default&#8221; shape_type=&#8221;&#8221;][vc_column column_padding=&#8221;no-extra-padding&#8221; column_padding_tablet=&#8221;inherit&#8221; column_padding_phone=&#8221;inherit&#8221; column_padding_position=&#8221;all&#8221; column_element_direction_desktop=&#8221;default&#8221; column_element_spacing=&#8221;default&#8221; desktop_text_alignment=&#8221;default&#8221; tablet_text_alignment=&#8221;default&#8221;...","og_url":"https:\/\/www.regaenergy.com\/pt-pt\/aviso-de-privacidade-fornecedores-e-parceiros\/","og_site_name":"Rega Energy","article_modified_time":"2026-04-21T09:24:43+00:00","twitter_card":"summary_large_image","twitter_misc":{"Tempo estimado de leitura":"5 minutos"},"schema":{"@context":"https:\/\/schema.org","@graph":[{"@type":"WebPage","@id":"https:\/\/www.regaenergy.com\/pt-pt\/aviso-de-privacidade-fornecedores-e-parceiros\/","url":"https:\/\/www.regaenergy.com\/pt-pt\/aviso-de-privacidade-fornecedores-e-parceiros\/","name":"Aviso de Privacidade \u2013 Fornecedores e parceiros - Rega Energy","isPartOf":{"@id":"https:\/\/www.regaenergy.com\/#website"},"datePublished":"2026-03-27T11:41:59+00:00","dateModified":"2026-04-21T09:24:43+00:00","breadcrumb":{"@id":"https:\/\/www.regaenergy.com\/pt-pt\/aviso-de-privacidade-fornecedores-e-parceiros\/#breadcrumb"},"inLanguage":"pt-PT","potentialAction":[{"@type":"ReadAction","target":["https:\/\/www.regaenergy.com\/pt-pt\/aviso-de-privacidade-fornecedores-e-parceiros\/"]}]},{"@type":"BreadcrumbList","@id":"https:\/\/www.regaenergy.com\/pt-pt\/aviso-de-privacidade-fornecedores-e-parceiros\/#breadcrumb","itemListElement":[{"@type":"ListItem","position":1,"name":"Home","item":"https:\/\/www.regaenergy.com\/pt-pt\/"},{"@type":"ListItem","position":2,"name":"Aviso de Privacidade \u2013 Fornecedores e parceiros"}]},{"@type":"WebSite","@id":"https:\/\/www.regaenergy.com\/#website","url":"https:\/\/www.regaenergy.com\/","name":"Rega Energy","description":"","potentialAction":[{"@type":"SearchAction","target":{"@type":"EntryPoint","urlTemplate":"https:\/\/www.regaenergy.com\/?s={search_term_string}"},"query-input":"required name=search_term_string"}],"inLanguage":"pt-PT"}]}},"_links":{"self":[{"href":"https:\/\/www.regaenergy.com\/pt-pt\/wp-json\/wp\/v2\/pages\/2760"}],"collection":[{"href":"https:\/\/www.regaenergy.com\/pt-pt\/wp-json\/wp\/v2\/pages"}],"about":[{"href":"https:\/\/www.regaenergy.com\/pt-pt\/wp-json\/wp\/v2\/types\/page"}],"author":[{"embeddable":true,"href":"https:\/\/www.regaenergy.com\/pt-pt\/wp-json\/wp\/v2\/users\/1"}],"replies":[{"embeddable":true,"href":"https:\/\/www.regaenergy.com\/pt-pt\/wp-json\/wp\/v2\/comments?post=2760"}],"version-history":[{"count":7,"href":"https:\/\/www.regaenergy.com\/pt-pt\/wp-json\/wp\/v2\/pages\/2760\/revisions"}],"predecessor-version":[{"id":2811,"href":"https:\/\/www.regaenergy.com\/pt-pt\/wp-json\/wp\/v2\/pages\/2760\/revisions\/2811"}],"wp:attachment":[{"href":"https:\/\/www.regaenergy.com\/pt-pt\/wp-json\/wp\/v2\/media?parent=2760"}],"curies":[{"name":"wp","href":"https:\/\/api.w.org\/{rel}","templated":true}]}}