{"id":2578,"date":"2024-09-17T09:15:16","date_gmt":"2024-09-17T09:15:16","guid":{"rendered":"https:\/\/www.regaenergy.com\/termos-de-utilizacao\/"},"modified":"2025-08-21T16:02:44","modified_gmt":"2025-08-21T16:02:44","slug":"termos-de-utilizacao","status":"publish","type":"page","link":"https:\/\/www.regaenergy.com\/pt-pt\/termos-de-utilizacao\/","title":{"rendered":"Termos de Utiliza\u00e7\u00e3o"},"content":{"rendered":"[vc_row type=&#8221;full_width_background&#8221; full_screen_row_position=&#8221;middle&#8221; column_margin=&#8221;default&#8221; column_direction=&#8221;default&#8221; column_direction_tablet=&#8221;default&#8221; column_direction_phone=&#8221;default&#8221; bg_color=&#8221;#e9e5e1&#8243; scene_position=&#8221;center&#8221; top_padding=&#8221;10%&#8221; bottom_padding=&#8221;5%&#8221; text_color=&#8221;dark&#8221; text_align=&#8221;left&#8221; row_border_radius=&#8221;none&#8221; row_border_radius_applies=&#8221;bg&#8221; overflow=&#8221;visible&#8221; overlay_strength=&#8221;0.3&#8243; gradient_direction=&#8221;left_to_right&#8221; shape_divider_position=&#8221;bottom&#8221; bg_image_animation=&#8221;none&#8221; gradient_type=&#8221;default&#8221; shape_type=&#8221;&#8221;][vc_column column_padding=&#8221;no-extra-padding&#8221; column_padding_tablet=&#8221;inherit&#8221; column_padding_phone=&#8221;inherit&#8221; column_padding_position=&#8221;all&#8221; column_element_direction_desktop=&#8221;default&#8221; column_element_spacing=&#8221;default&#8221; desktop_text_alignment=&#8221;default&#8221; tablet_text_alignment=&#8221;default&#8221; phone_text_alignment=&#8221;default&#8221; background_color_opacity=&#8221;1&#8243; background_hover_color_opacity=&#8221;1&#8243; column_backdrop_filter=&#8221;none&#8221; column_shadow=&#8221;none&#8221; column_border_radius=&#8221;none&#8221; column_link_target=&#8221;_self&#8221; column_position=&#8221;default&#8221; gradient_direction=&#8221;left_to_right&#8221; overlay_strength=&#8221;0.3&#8243; width=&#8221;1\/1&#8243; tablet_width_inherit=&#8221;default&#8221; animation_type=&#8221;default&#8221; bg_image_animation=&#8221;none&#8221; border_type=&#8221;simple&#8221; column_border_width=&#8221;none&#8221; column_border_style=&#8221;solid&#8221;][vc_column_text css=&#8221;&#8221; text_direction=&#8221;default&#8221;]\n<h1 style=\"text-align: center;\"><strong>Termos de Utiliza\u00e7\u00e3o<br \/>\n<\/strong><\/h1>\n<p>&nbsp;<\/p>\n<p>&nbsp;<\/p>\n<p>O website www.regaenergy.com (\u201c<strong>Website<\/strong>\u201d) \u00e9 da propriedade da REGAENERGY GROUP, S.A. (\u201c<strong>REGA ENERGY<\/strong>\u201d) e tem como finalidades (i) o fornecimento de informa\u00e7\u00f5es gerais sobre a atividade da REGA ENERGY, (ii) facilitar contactos entre potenciais Clientes\/Parceiros e a REGA ENERGY e (iii) receber candidaturas de interessados em trabalhar com a REGA ENERGY.<\/p>\n<p>N\u00e3o \u00e9 poss\u00edvel atrav\u00e9s do website adquirir quaisquer produtos\/servi\u00e7os.<\/p>\n<p>O presente documento (\u201c<strong>Termos de Utiliza\u00e7\u00e3o<\/strong>\u201d) rege os termos de utiliza\u00e7\u00e3o do Website.<\/p>\n<p>Ao utilizar o Website est\u00e1 a concordar com os Termos de Utiliza\u00e7\u00e3o.<\/p>\n<p>&nbsp;<\/p>\n<h5><strong><u>Identifica\u00e7\u00e3o da REGA ENERGY<\/u><\/strong><\/h5>\n<p>Denomina\u00e7\u00e3o social: REGAENERGY GROUP, S.A.<\/p>\n<p>Matriculada na Conservat\u00f3ria do Registo Comercial do Porto<\/p>\n<p>Capital Social: EUR 63,917.00<\/p>\n<p>Morada: Avenida Engenheiro Duarte Pacheco, N\u00ba26, piso 12, 1070-111 Lisboa<\/p>\n<p>E-mail: rgpd@regaenergy.com<\/p>\n<p>NIF: 516438999<\/p>\n<p>&nbsp;<\/p>\n<h5><strong><u>Conte\u00fado dispon\u00edvel no Website<\/u><\/strong><\/h5>\n<p>O conte\u00fado disponibilizado no Website \u00e9 meramente informativo.<\/p>\n<p>Caso pretenda obter informa\u00e7\u00f5es adicionais sobre os servi\u00e7os da REGA ENERGY e estabelecer uma rela\u00e7\u00e3o comercial com esta dever\u00e1 utilizar um dos formul\u00e1rios disponibilizados na p\u00e1gina de &#8220;<strong><a href=\"https:\/\/www.regaenergy.com\/pt-pt\/contactos\/\">Contactos<\/a><\/strong>&#8220;. O mero contacto com a REGA ENERGY n\u00e3o implica a exist\u00eancia de uma rela\u00e7\u00e3o contratual com esta.<\/p>\n<p>Os Utilizadores do Website n\u00e3o devem usar ou divulgar as informa\u00e7\u00f5es nele contidas sem consultar previamente a REGA ENERGY.<\/p>\n<p>A REGA ENERGY n\u00e3o \u00e9 respons\u00e1vel perante os Utilizadores do Website por quaisquer danos decorrentes da utiliza\u00e7\u00e3o das informa\u00e7\u00f5es nele contidas.<\/p>\n<p>&nbsp;<\/p>\n<h5><strong><u>Direitos de Propriedade Intelectual<\/u><\/strong><\/h5>\n<p>O Utilizador do Website aceita que todos os conte\u00fados dispon\u00edveis no Website est\u00e3o protegidos por Direitos de Propriedade Intelectual.<\/p>\n<p>Quaisquer textos, imagens, marcas, log\u00f3tipos, esquemas explicativos dos servi\u00e7os da REGA ENERGY, entre outros, dispon\u00edveis no Website (\u201c<strong>Conte\u00fados do Website<\/strong>\u201d), independentemente do modo como s\u00e3o representados, s\u00e3o propriedade da REGA ENERGY ou foram devidamente licenciados a esta.<\/p>\n<p>Em nenhum momento, salvo por manifesta\u00e7\u00e3o expressa, o acesso ou utiliza\u00e7\u00e3o do <em>Website <\/em>confere ao Utilizador qualquer direito sobre os Conte\u00fados do Website.<\/p>\n<p>Qualquer utiliza\u00e7\u00e3o que envolva a transmiss\u00e3o, publica\u00e7\u00e3o, modifica\u00e7\u00e3o ou c\u00f3pia dos conte\u00fados do Website encontra-se sujeita a autoriza\u00e7\u00e3o pr\u00e9via por parte da REGA ENERGY.<\/p>\n<p>&nbsp;<\/p>\n<h5><strong><u>Links para websites de terceiros<\/u><\/strong><\/h5>\n<p>A REGA ENERGY n\u00e3o \u00e9 respons\u00e1vel por websites fora do dom\u00ednio do Website e cujo conte\u00fado n\u00e3o seja claramente propriedade da REGA ENERGY. A abertura de uma nova janela indica que foi criada uma hiperliga\u00e7\u00e3o para um website externo ao Website. N\u00e3o podemos excluir a possibilidade de o propriet\u00e1rio do website externo ter alterado o conte\u00fado ao qual a hiperliga\u00e7\u00e3o dispon\u00edvel no Website conduz. N\u00e3o s\u00e3o feitas verifica\u00e7\u00f5es subsequentes de websites externos.<\/p>\n<p>Caso considere que o conte\u00fado dos websites de terceiros viola a legisla\u00e7\u00e3o aplic\u00e1vel, por favor informe-nos para que possamos remover as hiperliga\u00e7\u00f5es, se necess\u00e1rio.<\/p>\n<p>&nbsp;<\/p>\n<h5><strong><u>Altera\u00e7\u00f5es aos Termos de Utiliza\u00e7\u00e3o<\/u><\/strong><\/h5>\n<p>A REGA ENERGY poder\u00e1 a qualquer momento alterar os Conte\u00fados do Website ou os Termos de Utiliza\u00e7\u00e3o.<\/p>\n<p>Quaisquer altera\u00e7\u00f5es aos Termos de Utiliza\u00e7\u00e3o ser\u00e3o comunicadas atrav\u00e9s de um <em>pop-up<\/em> ou atrav\u00e9s do envio de e-mail para os Utilizadores que tenham utilizado os formul\u00e1rios de contacto dispon\u00edveis no Website.<\/p>\n<p>&nbsp;<\/p>\n<h5><strong><u>Tratamento de Dados Pessoais<\/u><\/strong><\/h5>\n<p>ENERGY poder\u00e1 tratar os dados pessoais dos Utilizadores (i) atrav\u00e9s da utiliza\u00e7\u00e3o de <em>cookies <\/em>ou (ii) caso os Utilizadores contactem a REGA ENERGY atrav\u00e9s dos formul\u00e1rios de contacto dispon\u00edveis no <em>Website<\/em>.<\/p>\n<p>Assim, para informa\u00e7\u00e3o sobre a forma de tratamento dos dados pessoais dos Utilizadores, estes dever\u00e3o consultar o nosso <a href=\"https:\/\/www.regaenergy.com\/pt-pt\/aviso-de-privacidade\/\"><u>Aviso de Privacidade <\/u><\/a>e <a href=\"https:\/\/www.regaenergy.com\/pt-pt\/politica-de-cookies\/\"><u>Politica de <\/u><u>Cookies<\/u><\/a>.<\/p>\n<p>&nbsp;<\/p>\n<h5><strong><u>Vers\u00e3o<\/u><\/strong><\/h5>\n<p>26.09.2024[\/vc_column_text][\/vc_column][\/vc_row]\n","protected":false},"excerpt":{"rendered":"<p>[vc_row type=&#8221;full_width_background&#8221; full_screen_row_position=&#8221;middle&#8221; column_margin=&#8221;default&#8221; column_direction=&#8221;default&#8221; column_direction_tablet=&#8221;default&#8221; column_direction_phone=&#8221;default&#8221; bg_color=&#8221;#e9e5e1&#8243; scene_position=&#8221;center&#8221; top_padding=&#8221;10%&#8221; bottom_padding=&#8221;5%&#8221; text_color=&#8221;dark&#8221; text_align=&#8221;left&#8221; row_border_radius=&#8221;none&#8221; row_border_radius_applies=&#8221;bg&#8221; overflow=&#8221;visible&#8221; overlay_strength=&#8221;0.3&#8243; gradient_direction=&#8221;left_to_right&#8221; shape_divider_position=&#8221;bottom&#8221; bg_image_animation=&#8221;none&#8221; gradient_type=&#8221;default&#8221; shape_type=&#8221;&#8221;][vc_column column_padding=&#8221;no-extra-padding&#8221; column_padding_tablet=&#8221;inherit&#8221; column_padding_phone=&#8221;inherit&#8221; column_padding_position=&#8221;all&#8221; column_element_direction_desktop=&#8221;default&#8221; column_element_spacing=&#8221;default&#8221; desktop_text_alignment=&#8221;default&#8221; tablet_text_alignment=&#8221;default&#8221;&#8230;<\/p>\n","protected":false},"author":1,"featured_media":0,"parent":0,"menu_order":0,"comment_status":"closed","ping_status":"closed","template":"","meta":{"footnotes":""},"class_list":["post-2578","page","type-page","status-publish"],"yoast_head":"<!-- This site is optimized with the Yoast SEO plugin v23.0 - https:\/\/yoast.com\/wordpress\/plugins\/seo\/ -->\r\n<title>Termos de Utiliza\u00e7\u00e3o - Rega Energy<\/title>\r\n<meta name=\"robots\" content=\"index, follow, max-snippet:-1, max-image-preview:large, max-video-preview:-1\" \/>\r\n<link rel=\"canonical\" href=\"https:\/\/www.regaenergy.com\/pt-pt\/termos-de-utilizacao\/\" \/>\r\n<meta property=\"og:locale\" content=\"pt_PT\" \/>\r\n<meta property=\"og:type\" content=\"article\" \/>\r\n<meta property=\"og:title\" content=\"Termos de Utiliza\u00e7\u00e3o - Rega Energy\" \/>\r\n<meta property=\"og:description\" content=\"[vc_row type=&#8221;full_width_background&#8221; full_screen_row_position=&#8221;middle&#8221; column_margin=&#8221;default&#8221; column_direction=&#8221;default&#8221; column_direction_tablet=&#8221;default&#8221; column_direction_phone=&#8221;default&#8221; bg_color=&#8221;#e9e5e1&#8243; scene_position=&#8221;center&#8221; top_padding=&#8221;10%&#8221; bottom_padding=&#8221;5%&#8221; text_color=&#8221;dark&#8221; text_align=&#8221;left&#8221; row_border_radius=&#8221;none&#8221; row_border_radius_applies=&#8221;bg&#8221; overflow=&#8221;visible&#8221; overlay_strength=&#8221;0.3&#8243; gradient_direction=&#8221;left_to_right&#8221; shape_divider_position=&#8221;bottom&#8221; bg_image_animation=&#8221;none&#8221; gradient_type=&#8221;default&#8221; shape_type=&#8221;&#8221;][vc_column column_padding=&#8221;no-extra-padding&#8221; column_padding_tablet=&#8221;inherit&#8221; column_padding_phone=&#8221;inherit&#8221; column_padding_position=&#8221;all&#8221; column_element_direction_desktop=&#8221;default&#8221; column_element_spacing=&#8221;default&#8221; desktop_text_alignment=&#8221;default&#8221; tablet_text_alignment=&#8221;default&#8221;...\" \/>\r\n<meta property=\"og:url\" content=\"https:\/\/www.regaenergy.com\/pt-pt\/termos-de-utilizacao\/\" \/>\r\n<meta property=\"og:site_name\" content=\"Rega Energy\" \/>\r\n<meta property=\"article:modified_time\" content=\"2025-08-21T16:02:44+00:00\" \/>\r\n<meta name=\"twitter:card\" content=\"summary_large_image\" \/>\r\n<meta name=\"twitter:label1\" content=\"Tempo estimado de leitura\" \/>\n\t<meta name=\"twitter:data1\" content=\"3 minutos\" \/>\r\n<script type=\"application\/ld+json\" class=\"yoast-schema-graph\">{\"@context\":\"https:\/\/schema.org\",\"@graph\":[{\"@type\":\"WebPage\",\"@id\":\"https:\/\/www.regaenergy.com\/pt-pt\/termos-de-utilizacao\/\",\"url\":\"https:\/\/www.regaenergy.com\/pt-pt\/termos-de-utilizacao\/\",\"name\":\"Termos de Utiliza\u00e7\u00e3o - Rega Energy\",\"isPartOf\":{\"@id\":\"https:\/\/www.regaenergy.com\/#website\"},\"datePublished\":\"2024-09-17T09:15:16+00:00\",\"dateModified\":\"2025-08-21T16:02:44+00:00\",\"breadcrumb\":{\"@id\":\"https:\/\/www.regaenergy.com\/pt-pt\/termos-de-utilizacao\/#breadcrumb\"},\"inLanguage\":\"pt-PT\",\"potentialAction\":[{\"@type\":\"ReadAction\",\"target\":[\"https:\/\/www.regaenergy.com\/pt-pt\/termos-de-utilizacao\/\"]}]},{\"@type\":\"BreadcrumbList\",\"@id\":\"https:\/\/www.regaenergy.com\/pt-pt\/termos-de-utilizacao\/#breadcrumb\",\"itemListElement\":[{\"@type\":\"ListItem\",\"position\":1,\"name\":\"Home\",\"item\":\"https:\/\/www.regaenergy.com\/pt-pt\/\"},{\"@type\":\"ListItem\",\"position\":2,\"name\":\"Termos de Utiliza\u00e7\u00e3o\"}]},{\"@type\":\"WebSite\",\"@id\":\"https:\/\/www.regaenergy.com\/#website\",\"url\":\"https:\/\/www.regaenergy.com\/\",\"name\":\"Rega Energy\",\"description\":\"\",\"potentialAction\":[{\"@type\":\"SearchAction\",\"target\":{\"@type\":\"EntryPoint\",\"urlTemplate\":\"https:\/\/www.regaenergy.com\/?s={search_term_string}\"},\"query-input\":\"required name=search_term_string\"}],\"inLanguage\":\"pt-PT\"}]}<\/script>\r\n<!-- \/ Yoast SEO plugin. -->","yoast_head_json":{"title":"Termos de Utiliza\u00e7\u00e3o - Rega Energy","robots":{"index":"index","follow":"follow","max-snippet":"max-snippet:-1","max-image-preview":"max-image-preview:large","max-video-preview":"max-video-preview:-1"},"canonical":"https:\/\/www.regaenergy.com\/pt-pt\/termos-de-utilizacao\/","og_locale":"pt_PT","og_type":"article","og_title":"Termos de Utiliza\u00e7\u00e3o - Rega Energy","og_description":"[vc_row type=&#8221;full_width_background&#8221; full_screen_row_position=&#8221;middle&#8221; column_margin=&#8221;default&#8221; column_direction=&#8221;default&#8221; column_direction_tablet=&#8221;default&#8221; column_direction_phone=&#8221;default&#8221; bg_color=&#8221;#e9e5e1&#8243; scene_position=&#8221;center&#8221; top_padding=&#8221;10%&#8221; bottom_padding=&#8221;5%&#8221; text_color=&#8221;dark&#8221; text_align=&#8221;left&#8221; row_border_radius=&#8221;none&#8221; row_border_radius_applies=&#8221;bg&#8221; overflow=&#8221;visible&#8221; overlay_strength=&#8221;0.3&#8243; gradient_direction=&#8221;left_to_right&#8221; shape_divider_position=&#8221;bottom&#8221; bg_image_animation=&#8221;none&#8221; gradient_type=&#8221;default&#8221; shape_type=&#8221;&#8221;][vc_column column_padding=&#8221;no-extra-padding&#8221; column_padding_tablet=&#8221;inherit&#8221; column_padding_phone=&#8221;inherit&#8221; column_padding_position=&#8221;all&#8221; column_element_direction_desktop=&#8221;default&#8221; column_element_spacing=&#8221;default&#8221; desktop_text_alignment=&#8221;default&#8221; tablet_text_alignment=&#8221;default&#8221;...","og_url":"https:\/\/www.regaenergy.com\/pt-pt\/termos-de-utilizacao\/","og_site_name":"Rega Energy","article_modified_time":"2025-08-21T16:02:44+00:00","twitter_card":"summary_large_image","twitter_misc":{"Tempo estimado de leitura":"3 minutos"},"schema":{"@context":"https:\/\/schema.org","@graph":[{"@type":"WebPage","@id":"https:\/\/www.regaenergy.com\/pt-pt\/termos-de-utilizacao\/","url":"https:\/\/www.regaenergy.com\/pt-pt\/termos-de-utilizacao\/","name":"Termos de Utiliza\u00e7\u00e3o - Rega Energy","isPartOf":{"@id":"https:\/\/www.regaenergy.com\/#website"},"datePublished":"2024-09-17T09:15:16+00:00","dateModified":"2025-08-21T16:02:44+00:00","breadcrumb":{"@id":"https:\/\/www.regaenergy.com\/pt-pt\/termos-de-utilizacao\/#breadcrumb"},"inLanguage":"pt-PT","potentialAction":[{"@type":"ReadAction","target":["https:\/\/www.regaenergy.com\/pt-pt\/termos-de-utilizacao\/"]}]},{"@type":"BreadcrumbList","@id":"https:\/\/www.regaenergy.com\/pt-pt\/termos-de-utilizacao\/#breadcrumb","itemListElement":[{"@type":"ListItem","position":1,"name":"Home","item":"https:\/\/www.regaenergy.com\/pt-pt\/"},{"@type":"ListItem","position":2,"name":"Termos de Utiliza\u00e7\u00e3o"}]},{"@type":"WebSite","@id":"https:\/\/www.regaenergy.com\/#website","url":"https:\/\/www.regaenergy.com\/","name":"Rega Energy","description":"","potentialAction":[{"@type":"SearchAction","target":{"@type":"EntryPoint","urlTemplate":"https:\/\/www.regaenergy.com\/?s={search_term_string}"},"query-input":"required name=search_term_string"}],"inLanguage":"pt-PT"}]}},"_links":{"self":[{"href":"https:\/\/www.regaenergy.com\/pt-pt\/wp-json\/wp\/v2\/pages\/2578"}],"collection":[{"href":"https:\/\/www.regaenergy.com\/pt-pt\/wp-json\/wp\/v2\/pages"}],"about":[{"href":"https:\/\/www.regaenergy.com\/pt-pt\/wp-json\/wp\/v2\/types\/page"}],"author":[{"embeddable":true,"href":"https:\/\/www.regaenergy.com\/pt-pt\/wp-json\/wp\/v2\/users\/1"}],"replies":[{"embeddable":true,"href":"https:\/\/www.regaenergy.com\/pt-pt\/wp-json\/wp\/v2\/comments?post=2578"}],"version-history":[{"count":4,"href":"https:\/\/www.regaenergy.com\/pt-pt\/wp-json\/wp\/v2\/pages\/2578\/revisions"}],"predecessor-version":[{"id":2583,"href":"https:\/\/www.regaenergy.com\/pt-pt\/wp-json\/wp\/v2\/pages\/2578\/revisions\/2583"}],"wp:attachment":[{"href":"https:\/\/www.regaenergy.com\/pt-pt\/wp-json\/wp\/v2\/media?parent=2578"}],"curies":[{"name":"wp","href":"https:\/\/api.w.org\/{rel}","templated":true}]}}