{"id":2575,"date":"2024-09-13T15:31:21","date_gmt":"2024-09-13T15:31:21","guid":{"rendered":"https:\/\/www.regaenergy.com\/politica-de-cookies\/"},"modified":"2025-08-21T16:03:11","modified_gmt":"2025-08-21T16:03:11","slug":"politica-de-cookies","status":"publish","type":"page","link":"https:\/\/www.regaenergy.com\/pt-pt\/politica-de-cookies\/","title":{"rendered":"Pol\u00edtica de Cookies"},"content":{"rendered":"[vc_row type=&#8221;full_width_background&#8221; full_screen_row_position=&#8221;middle&#8221; column_margin=&#8221;default&#8221; column_direction=&#8221;default&#8221; column_direction_tablet=&#8221;default&#8221; column_direction_phone=&#8221;default&#8221; bg_color=&#8221;#e9e5e1&#8243; scene_position=&#8221;center&#8221; top_padding=&#8221;10%&#8221; bottom_padding=&#8221;5%&#8221; text_color=&#8221;dark&#8221; text_align=&#8221;left&#8221; row_border_radius=&#8221;none&#8221; row_border_radius_applies=&#8221;bg&#8221; overflow=&#8221;visible&#8221; overlay_strength=&#8221;0.3&#8243; gradient_direction=&#8221;left_to_right&#8221; shape_divider_position=&#8221;bottom&#8221; bg_image_animation=&#8221;none&#8221; gradient_type=&#8221;default&#8221; shape_type=&#8221;&#8221;][vc_column column_padding=&#8221;no-extra-padding&#8221; column_padding_tablet=&#8221;inherit&#8221; column_padding_phone=&#8221;inherit&#8221; column_padding_position=&#8221;all&#8221; column_element_direction_desktop=&#8221;default&#8221; column_element_spacing=&#8221;default&#8221; desktop_text_alignment=&#8221;default&#8221; tablet_text_alignment=&#8221;default&#8221; phone_text_alignment=&#8221;default&#8221; background_color_opacity=&#8221;1&#8243; background_hover_color_opacity=&#8221;1&#8243; column_backdrop_filter=&#8221;none&#8221; column_shadow=&#8221;none&#8221; column_border_radius=&#8221;none&#8221; column_link_target=&#8221;_self&#8221; column_position=&#8221;default&#8221; gradient_direction=&#8221;left_to_right&#8221; overlay_strength=&#8221;0.3&#8243; width=&#8221;1\/1&#8243; tablet_width_inherit=&#8221;default&#8221; animation_type=&#8221;default&#8221; bg_image_animation=&#8221;none&#8221; border_type=&#8221;simple&#8221; column_border_width=&#8221;none&#8221; column_border_style=&#8221;solid&#8221;][vc_column_text css=&#8221;&#8221; text_direction=&#8221;default&#8221;]\n<h1 style=\"text-align: center;\"><strong>Pol\u00edtica de Cookies<\/strong><\/h1>\n<p>&nbsp;<\/p>\n<h5><strong><u>Respons\u00e1vel pelo Website<\/u><\/strong><\/h5>\n<ul>\n<li><strong>Denomina\u00e7\u00e3o social: <\/strong>REGAENERGY GROUP, S.A. (&#8220;<strong>REGA ENERGY<\/strong>&#8220;)<\/li>\n<li><strong>Matriculada na Conservat\u00f3ria do Registo Comercial do Porto<\/strong><\/li>\n<li><strong>Capital Social: <\/strong>EUR 63,917.00<\/li>\n<li><strong>Morada: <\/strong>Avenida Engenheiro Duarte Pacheco, N\u00ba26, piso 12, 1070-111 Lisboa<\/li>\n<li><strong>E-mail: <\/strong>rgpd@regaenergy.com<\/li>\n<li><strong>NIF: <\/strong>516438999<\/li>\n<\/ul>\n<p>&nbsp;<\/p>\n<h5><strong><u>O que s\u00e3o cookies? <\/u><\/strong><\/h5>\n<p>Os cookies s\u00e3o pequenos ficheiros de texto colocados no equipamento do utilizador ou no seu dispositivo m\u00f3vel (\u201c<strong>Equipamentos<\/strong>\u201d). A coloca\u00e7\u00e3o de cookies permite (por exemplo) a um website reconhecer o seu dispositivo numa pr\u00f3xima visita. Quando utilizamos o termo cookies nesta pol\u00edtica fazemos refer\u00eancia a todas as tecnologias similares que recolhem informa\u00e7\u00f5es desta forma.<\/p>\n<p>No Website utilizamos diversos tipos de cookies. Para obter informa\u00e7\u00e3o adicional sobre os tipos de cookies, as suas finalidades e respetivos prazos de conserva\u00e7\u00e3o por favor leia a presente Pol\u00edtica de Cookies na totalidade. Para mais informa\u00e7\u00e3o sobre como tratamos os seus dados pessoais, por favor consulte o nosso <u>Aviso de Privacidade<\/u>.<\/p>\n<p>Dependendo do tipo de cookies, a recusa da instala\u00e7\u00e3o dos mesmos poder\u00e1 resultar na impossibilidade de ter acesso a algumas das suas \u00e1reas ou de receber informa\u00e7\u00e3o personalizada.<\/p>\n<p>A qualquer momento pode, atrav\u00e9s do seu browser, decidir ser notificado sobre a rece\u00e7\u00e3o de cookies, bem como bloquear a respetiva instala\u00e7\u00e3o nos seus Equipamentos.<\/p>\n<p>A <strong><u>entidade respons\u00e1vel<\/u><\/strong> pelos cookies varia consoante a proveni\u00eancia dos mesmos. S\u00e3o utilizados, no presente Website, a saber:<\/p>\n<ul>\n<li><strong>Cookies pr\u00f3prios:<\/strong> s\u00e3o enviados para os Equipamentos do utilizador pela pr\u00f3pria REGA ENERGY, a respons\u00e1vel pelo Website.<\/li>\n<li><strong>Cookies de terceiros:<\/strong> s\u00e3o enviados para os Equipamentos do utilizador por entidades que n\u00e3o a REGA ENERGY e que n\u00e3o s\u00e3o respons\u00e1veis pelo website<em>.<\/em><\/li>\n<\/ul>\n<p>Relativamente ao <strong><u>tempo durante o qual os cookies permanecem<\/u><\/strong> conservados no seu equipamento, ser\u00e1 necess\u00e1rio considerar os seguintes tipos de cookies:<\/p>\n<ul>\n<li><strong>Cookies de sess\u00e3o:<\/strong> s\u00e3o recolhidos e armazenados enquanto o utilizador acede a um website. S\u00e3o normalmente utilizados para armazenar informa\u00e7\u00f5es para fins de presta\u00e7\u00e3o do servi\u00e7o solicitado pelo utilizador numa \u00fanica ocasi\u00e3o (por exemplo, uma lista de produtos adquiridos) e desaparecem no final da sess\u00e3o.<\/li>\n<li><strong>Cookies persistentes:<\/strong> s\u00e3o aqueles em que os dados permanecem armazenados no equipamento do utilizador e podem ser acedidos e tratados durante um per\u00edodo definido pelas entidades respons\u00e1veis pelo cookie, que pode variar entre alguns minutos e v\u00e1rios anos.<\/li>\n<\/ul>\n<p>&nbsp;<\/p>\n<h5><strong><u>Para que servem os cookies? <\/u><\/strong><\/h5>\n<p>Os cookies podem ser utilizados para ajudar a determinar a utilidade, interesse e o n\u00famero de utiliza\u00e7\u00f5es dos websites, permitindo uma navega\u00e7\u00e3o mais r\u00e1pida e eficiente e eliminando a necessidade de introduzir repetidamente as mesmas informa\u00e7\u00f5es.<\/p>\n<p>Em seguida poder\u00e1 encontrar informa\u00e7\u00e3o relativa aos tipos de cookies que s\u00e3o utilizados no <u>website <\/u> (\u201c<strong>Website<\/strong>\u201d), bem como os cookies em espec\u00edfico que s\u00e3o utilizados, de acordo com cada tipo.<\/p>\n<ol>\n<li><strong>Cookies funcionais:<\/strong> S\u00e3o cookies utilizados para melhorar o desempenho e a funcionalidade do Website.<\/li>\n<\/ol>\n<p>Caso n\u00e3o aceite os cookies funcionais o website poder\u00e1 n\u00e3o funcionar da mesma forma ou n\u00e3o funcionar de todo.<\/p>\n<table>\n<tbody>\n<tr>\n<td width=\"138\"><strong>Entidade respons\u00e1vel pelo cookie<\/strong><\/td>\n<td width=\"116\"><strong>Denomina\u00e7\u00e3o<\/strong><\/td>\n<td width=\"85\"><strong>Tipo de Cookie<\/strong><\/td>\n<td width=\"155\"><strong>Finalidade<\/strong><\/td>\n<td width=\"106\"><strong>Tempo de Conserva\u00e7\u00e3o<\/strong><\/td>\n<\/tr>\n<tr>\n<td width=\"138\">Google<\/td>\n<td width=\"116\">_grecaptcha<\/td>\n<td width=\"85\">Cookie de terceiros<\/td>\n<td width=\"155\">Evitar<em>spam<\/em><\/td>\n<td width=\"106\">6 meses<\/td>\n<\/tr>\n<tr>\n<td width=\"138\">Google<\/td>\n<td width=\"116\"><em>Google Fonts API<\/em><\/td>\n<td width=\"85\">Cookie de terceiros<\/td>\n<td width=\"155\">O IP do usu\u00e1rio \u00e9 lido para permitir a entrega eficiente das fontes e para melhorar a performance do carregamento das fontes.<\/td>\n<td width=\"106\">Cookie de sess\u00e3o<\/td>\n<\/tr>\n<\/tbody>\n<\/table>\n<p>&nbsp;<\/p>\n<ol>\n<li><strong>Cookies de prefer\u00eancia:<\/strong> s\u00e3o cookies que permitem que o site memorize as informa\u00e7\u00f5es que mudam o comportamento ou aspeto do mesmo, como o seu idioma preferido ou a regi\u00e3o em que se encontra.<\/li>\n<\/ol>\n<table>\n<tbody>\n<tr>\n<td width=\"128\"><strong>Entidade respons\u00e1vel pelo cookie<\/strong><\/td>\n<td width=\"154\"><strong>Denomina\u00e7\u00e3o<\/strong><\/td>\n<td width=\"81\"><strong>Tipo de Cookie<\/strong><\/td>\n<td width=\"134\"><strong>Finalidade<\/strong><\/td>\n<td width=\"104\"><strong>Tempo de Conserva\u00e7\u00e3oe<\/strong><\/td>\n<\/tr>\n<tr>\n<td width=\"128\">WordPress<\/td>\n<td width=\"154\">wp-settings<\/td>\n<td width=\"81\">Cookie de terceiros<\/td>\n<td width=\"134\">Guardar as prefer\u00eancias do Utilizador<\/td>\n<td width=\"104\">1ano<\/td>\n<\/tr>\n<tr>\n<td width=\"128\">WordPress<\/td>\n<td width=\"154\">wp-settings-time<\/td>\n<td width=\"81\">Cookie de terceiros<\/td>\n<td width=\"134\">Guardar as prefer\u00eancias do Utilizador<\/td>\n<td width=\"104\">1ano<\/td>\n<\/tr>\n<tr>\n<td width=\"128\">WordPress<\/td>\n<td width=\"154\">wordpress_logged_in<\/td>\n<td width=\"81\">Cookie de terceiros<\/td>\n<td width=\"134\">Guardar as prefer\u00eancias do Utilizador<\/td>\n<td width=\"104\">14 dias \/ sess\u00e3o<\/td>\n<\/tr>\n<tr>\n<td width=\"128\">Complianz<\/td>\n<td width=\"154\">cmplz_marketing<\/td>\n<td width=\"81\">Cookie de terceiros<\/td>\n<td width=\"134\">Guardar as prefer\u00eancias do cookie consent<\/td>\n<td width=\"104\">1ano<\/td>\n<\/tr>\n<tr>\n<td width=\"128\">Complianz<\/td>\n<td width=\"154\">cmplz_preferences<\/td>\n<td width=\"81\">Cookie de terceiros<\/td>\n<td width=\"134\">Guardar as prefer\u00eancias do cookie consent<\/td>\n<td width=\"104\">1ano<\/td>\n<\/tr>\n<tr>\n<td width=\"128\">Complianz<\/td>\n<td width=\"154\">cmplz_statistics<\/td>\n<td width=\"81\">Cookie de terceiros<\/td>\n<td width=\"134\">Guardar as prefer\u00eancias do cookie consent<\/td>\n<td width=\"104\">1ano<\/td>\n<\/tr>\n<tr>\n<td width=\"128\">Complianz<\/td>\n<td width=\"154\">cmplz_functional<\/td>\n<td width=\"81\">Cookie de terceiros<\/td>\n<td width=\"134\">Guardar as prefer\u00eancias do cookie consent<\/td>\n<td width=\"104\">1 ano<\/td>\n<\/tr>\n<\/tbody>\n<\/table>\n<p>&nbsp;<\/p>\n<p>Os cookies indicados nos pontos ii. e seguintes n\u00e3o s\u00e3o essenciais para aceder ao website, mas permitem-nos prestar-lhe um melhor servi\u00e7o. Apenas recolhemos estes cookies com base no seu consentimento, o qual poder\u00e1 ser fornecido atrav\u00e9s da nossa <em>cookie banner<\/em>. Quando d\u00e1 o seu consentimento para aceitar um determinado tipo de cookies, concorda em aceitar todos os cookies pertencentes a esse tipo.<\/p>\n<p>Pode revogar o seu consentimento em qualquer altura atrav\u00e9s da nossa cookie banner ou alterando as defini\u00e7\u00f5es do seu browser, conforme explicado abaixo.<\/p>\n<p>A informa\u00e7\u00e3o gerada por certos cookies, como \u00e9 o caso dos cookies disponibilizados pela Google, pode ser transferida para um servidor externo, fora do Espa\u00e7o Econ\u00f3mico Europeu (\u201cEEE\u201d) e a\u00ed ser armazenada. Nestes casos, implementamos as salvaguardas adequadas para proteger a sua privacidade, direitos fundamentais e liberdades tal como sucede no EEE, nomeadamente atrav\u00e9s de acordo celebrado com a Google para a utiliza\u00e7\u00e3o e aplica\u00e7\u00e3o das cl\u00e1usulas contratuais-tipo adotadas pela Comiss\u00e3o Europeia ou ent\u00e3o atrav\u00e9s da Decis\u00e3o de Adequa\u00e7\u00e3o de 10\/07\/2023 da Comiss\u00e3o Europeia, que institui o <em>EU-US Data Privacy Framework<\/em>, para a realiza\u00e7\u00e3o de transfer\u00eancias seguras de dados pessoais entre a Europa e os Estados Unidos.<\/p>\n<p>Pode alterar as defini\u00e7\u00f5es do seu navegador ou eliminar cookies guardados. Por favor, note que se os cookies n\u00e3o s\u00e3o armazenados de todo ou caso os mesmos sejam eliminados, o Website pode n\u00e3o funcionar corretamente. Tenha em aten\u00e7\u00e3o que para alterar as defini\u00e7\u00f5es de cookies ter\u00e1 quede selecionar separadamente as defini\u00e7\u00f5es pretendidas, em para cada navegador e dispositivo que utilizar. Cada navegador tem um m\u00e9todo diferente de aplica\u00e7\u00e3o das defini\u00e7\u00f5es.<\/p>\n<p>Pode encontrar informa\u00e7\u00f5es sobre como faz\u00ea-lo nas p\u00e1ginas de ajuda dos navegadores:<\/p>\n<p><a href=\"https:\/\/support.google.com\/chrome\/answer\/95647?hl=pt&amp;co=GENIE.Platform%3DDesktop\">Navegador Google Chrome<\/a><\/p>\n<p><a href=\"https:\/\/support.mozilla.org\/pt-BR\/kb\/limpe-cookies-e-dados-de-sites-no-firefox\">Navegador Mozilla Firefox<\/a><\/p>\n<p><a href=\"https:\/\/support.microsoft.com\/pt-br\/microsoft-edge\/excluir-cookies-no-microsoft-edge-63947406-40ac-c3b8-57b9-2a946a29ae09\">Navegador Microsoft Edge<\/a><\/p>\n<p>&nbsp;<\/p>\n<h5><strong>Informa\u00e7\u00f5es de Contacto<\/strong><\/h5>\n<p>Se tiver alguma quest\u00e3o relativamente aos cookies utilizados pela REGA ENERGY, a retirada do seu consentimento, ou o tratamento dos seus dados pessoais, pode sempre contactar-nos atrav\u00e9s dos contactos indicados em \u201cRespons\u00e1vel pelo <em>Website<\/em>\u201d.<\/p>\n<p>&nbsp;<\/p>\n<h5><strong><u>Altera\u00e7\u00f5es \u00e0 Pol\u00edtica de Cookies<\/u><\/strong><\/h5>\n<p>A REGA ENERGY poder\u00e1 a qualquer momento alterar o conte\u00fado da Pol\u00edtica de Cookies.<\/p>\n<p>Quaisquer altera\u00e7\u00f5es \u00e0 Pol\u00edtica de Cookies ser\u00e3o comunicadas atrav\u00e9s de um pop-up ou atrav\u00e9s do envio de e-mail para os Utilizadores que tenham utilizado os formul\u00e1rios de contacto dispon\u00edveis no Website.<\/p>\n<p>&nbsp;<\/p>\n<h5><strong><u>Vers\u00e3o<\/u><\/strong><\/h5>\n<p>26.09.2024[\/vc_column_text][\/vc_column][\/vc_row]\n","protected":false},"excerpt":{"rendered":"<p>[vc_row type=&#8221;full_width_background&#8221; full_screen_row_position=&#8221;middle&#8221; column_margin=&#8221;default&#8221; column_direction=&#8221;default&#8221; column_direction_tablet=&#8221;default&#8221; column_direction_phone=&#8221;default&#8221; bg_color=&#8221;#e9e5e1&#8243; scene_position=&#8221;center&#8221; top_padding=&#8221;10%&#8221; bottom_padding=&#8221;5%&#8221; text_color=&#8221;dark&#8221; text_align=&#8221;left&#8221; row_border_radius=&#8221;none&#8221; row_border_radius_applies=&#8221;bg&#8221; overflow=&#8221;visible&#8221; overlay_strength=&#8221;0.3&#8243; gradient_direction=&#8221;left_to_right&#8221; shape_divider_position=&#8221;bottom&#8221; bg_image_animation=&#8221;none&#8221; gradient_type=&#8221;default&#8221; shape_type=&#8221;&#8221;][vc_column column_padding=&#8221;no-extra-padding&#8221; column_padding_tablet=&#8221;inherit&#8221; column_padding_phone=&#8221;inherit&#8221; column_padding_position=&#8221;all&#8221; column_element_direction_desktop=&#8221;default&#8221; column_element_spacing=&#8221;default&#8221; desktop_text_alignment=&#8221;default&#8221; tablet_text_alignment=&#8221;default&#8221;&#8230;<\/p>\n","protected":false},"author":1,"featured_media":0,"parent":0,"menu_order":0,"comment_status":"closed","ping_status":"closed","template":"","meta":{"footnotes":""},"class_list":["post-2575","page","type-page","status-publish"],"yoast_head":"<!-- This site is optimized with the Yoast SEO plugin v23.0 - https:\/\/yoast.com\/wordpress\/plugins\/seo\/ -->\r\n<title>Pol\u00edtica de Cookies - Rega Energy<\/title>\r\n<meta name=\"robots\" content=\"index, follow, max-snippet:-1, max-image-preview:large, max-video-preview:-1\" \/>\r\n<link rel=\"canonical\" href=\"https:\/\/www.regaenergy.com\/pt-pt\/politica-de-cookies\/\" \/>\r\n<meta property=\"og:locale\" content=\"pt_PT\" \/>\r\n<meta property=\"og:type\" content=\"article\" \/>\r\n<meta property=\"og:title\" content=\"Pol\u00edtica de Cookies - Rega Energy\" \/>\r\n<meta property=\"og:description\" content=\"[vc_row type=&#8221;full_width_background&#8221; full_screen_row_position=&#8221;middle&#8221; column_margin=&#8221;default&#8221; column_direction=&#8221;default&#8221; column_direction_tablet=&#8221;default&#8221; column_direction_phone=&#8221;default&#8221; bg_color=&#8221;#e9e5e1&#8243; scene_position=&#8221;center&#8221; top_padding=&#8221;10%&#8221; bottom_padding=&#8221;5%&#8221; text_color=&#8221;dark&#8221; text_align=&#8221;left&#8221; row_border_radius=&#8221;none&#8221; row_border_radius_applies=&#8221;bg&#8221; overflow=&#8221;visible&#8221; overlay_strength=&#8221;0.3&#8243; gradient_direction=&#8221;left_to_right&#8221; shape_divider_position=&#8221;bottom&#8221; bg_image_animation=&#8221;none&#8221; gradient_type=&#8221;default&#8221; shape_type=&#8221;&#8221;][vc_column column_padding=&#8221;no-extra-padding&#8221; column_padding_tablet=&#8221;inherit&#8221; column_padding_phone=&#8221;inherit&#8221; column_padding_position=&#8221;all&#8221; column_element_direction_desktop=&#8221;default&#8221; column_element_spacing=&#8221;default&#8221; desktop_text_alignment=&#8221;default&#8221; tablet_text_alignment=&#8221;default&#8221;...\" \/>\r\n<meta property=\"og:url\" content=\"https:\/\/www.regaenergy.com\/pt-pt\/politica-de-cookies\/\" \/>\r\n<meta property=\"og:site_name\" content=\"Rega Energy\" \/>\r\n<meta property=\"article:modified_time\" content=\"2025-08-21T16:03:11+00:00\" \/>\r\n<meta name=\"twitter:card\" content=\"summary_large_image\" \/>\r\n<meta name=\"twitter:label1\" content=\"Tempo estimado de leitura\" \/>\n\t<meta name=\"twitter:data1\" content=\"5 minutos\" \/>\r\n<script type=\"application\/ld+json\" class=\"yoast-schema-graph\">{\"@context\":\"https:\/\/schema.org\",\"@graph\":[{\"@type\":\"WebPage\",\"@id\":\"https:\/\/www.regaenergy.com\/pt-pt\/politica-de-cookies\/\",\"url\":\"https:\/\/www.regaenergy.com\/pt-pt\/politica-de-cookies\/\",\"name\":\"Pol\u00edtica de Cookies - Rega Energy\",\"isPartOf\":{\"@id\":\"https:\/\/www.regaenergy.com\/#website\"},\"datePublished\":\"2024-09-13T15:31:21+00:00\",\"dateModified\":\"2025-08-21T16:03:11+00:00\",\"breadcrumb\":{\"@id\":\"https:\/\/www.regaenergy.com\/pt-pt\/politica-de-cookies\/#breadcrumb\"},\"inLanguage\":\"pt-PT\",\"potentialAction\":[{\"@type\":\"ReadAction\",\"target\":[\"https:\/\/www.regaenergy.com\/pt-pt\/politica-de-cookies\/\"]}]},{\"@type\":\"BreadcrumbList\",\"@id\":\"https:\/\/www.regaenergy.com\/pt-pt\/politica-de-cookies\/#breadcrumb\",\"itemListElement\":[{\"@type\":\"ListItem\",\"position\":1,\"name\":\"Home\",\"item\":\"https:\/\/www.regaenergy.com\/pt-pt\/\"},{\"@type\":\"ListItem\",\"position\":2,\"name\":\"Pol\u00edtica de Cookies\"}]},{\"@type\":\"WebSite\",\"@id\":\"https:\/\/www.regaenergy.com\/#website\",\"url\":\"https:\/\/www.regaenergy.com\/\",\"name\":\"Rega Energy\",\"description\":\"\",\"potentialAction\":[{\"@type\":\"SearchAction\",\"target\":{\"@type\":\"EntryPoint\",\"urlTemplate\":\"https:\/\/www.regaenergy.com\/?s={search_term_string}\"},\"query-input\":\"required name=search_term_string\"}],\"inLanguage\":\"pt-PT\"}]}<\/script>\r\n<!-- \/ Yoast SEO plugin. -->","yoast_head_json":{"title":"Pol\u00edtica de Cookies - Rega Energy","robots":{"index":"index","follow":"follow","max-snippet":"max-snippet:-1","max-image-preview":"max-image-preview:large","max-video-preview":"max-video-preview:-1"},"canonical":"https:\/\/www.regaenergy.com\/pt-pt\/politica-de-cookies\/","og_locale":"pt_PT","og_type":"article","og_title":"Pol\u00edtica de Cookies - Rega Energy","og_description":"[vc_row type=&#8221;full_width_background&#8221; full_screen_row_position=&#8221;middle&#8221; column_margin=&#8221;default&#8221; column_direction=&#8221;default&#8221; column_direction_tablet=&#8221;default&#8221; column_direction_phone=&#8221;default&#8221; bg_color=&#8221;#e9e5e1&#8243; scene_position=&#8221;center&#8221; top_padding=&#8221;10%&#8221; bottom_padding=&#8221;5%&#8221; text_color=&#8221;dark&#8221; text_align=&#8221;left&#8221; row_border_radius=&#8221;none&#8221; row_border_radius_applies=&#8221;bg&#8221; overflow=&#8221;visible&#8221; overlay_strength=&#8221;0.3&#8243; gradient_direction=&#8221;left_to_right&#8221; shape_divider_position=&#8221;bottom&#8221; bg_image_animation=&#8221;none&#8221; gradient_type=&#8221;default&#8221; shape_type=&#8221;&#8221;][vc_column column_padding=&#8221;no-extra-padding&#8221; column_padding_tablet=&#8221;inherit&#8221; column_padding_phone=&#8221;inherit&#8221; column_padding_position=&#8221;all&#8221; column_element_direction_desktop=&#8221;default&#8221; column_element_spacing=&#8221;default&#8221; desktop_text_alignment=&#8221;default&#8221; tablet_text_alignment=&#8221;default&#8221;...","og_url":"https:\/\/www.regaenergy.com\/pt-pt\/politica-de-cookies\/","og_site_name":"Rega Energy","article_modified_time":"2025-08-21T16:03:11+00:00","twitter_card":"summary_large_image","twitter_misc":{"Tempo estimado de leitura":"5 minutos"},"schema":{"@context":"https:\/\/schema.org","@graph":[{"@type":"WebPage","@id":"https:\/\/www.regaenergy.com\/pt-pt\/politica-de-cookies\/","url":"https:\/\/www.regaenergy.com\/pt-pt\/politica-de-cookies\/","name":"Pol\u00edtica de Cookies - Rega Energy","isPartOf":{"@id":"https:\/\/www.regaenergy.com\/#website"},"datePublished":"2024-09-13T15:31:21+00:00","dateModified":"2025-08-21T16:03:11+00:00","breadcrumb":{"@id":"https:\/\/www.regaenergy.com\/pt-pt\/politica-de-cookies\/#breadcrumb"},"inLanguage":"pt-PT","potentialAction":[{"@type":"ReadAction","target":["https:\/\/www.regaenergy.com\/pt-pt\/politica-de-cookies\/"]}]},{"@type":"BreadcrumbList","@id":"https:\/\/www.regaenergy.com\/pt-pt\/politica-de-cookies\/#breadcrumb","itemListElement":[{"@type":"ListItem","position":1,"name":"Home","item":"https:\/\/www.regaenergy.com\/pt-pt\/"},{"@type":"ListItem","position":2,"name":"Pol\u00edtica de Cookies"}]},{"@type":"WebSite","@id":"https:\/\/www.regaenergy.com\/#website","url":"https:\/\/www.regaenergy.com\/","name":"Rega Energy","description":"","potentialAction":[{"@type":"SearchAction","target":{"@type":"EntryPoint","urlTemplate":"https:\/\/www.regaenergy.com\/?s={search_term_string}"},"query-input":"required name=search_term_string"}],"inLanguage":"pt-PT"}]}},"_links":{"self":[{"href":"https:\/\/www.regaenergy.com\/pt-pt\/wp-json\/wp\/v2\/pages\/2575"}],"collection":[{"href":"https:\/\/www.regaenergy.com\/pt-pt\/wp-json\/wp\/v2\/pages"}],"about":[{"href":"https:\/\/www.regaenergy.com\/pt-pt\/wp-json\/wp\/v2\/types\/page"}],"author":[{"embeddable":true,"href":"https:\/\/www.regaenergy.com\/pt-pt\/wp-json\/wp\/v2\/users\/1"}],"replies":[{"embeddable":true,"href":"https:\/\/www.regaenergy.com\/pt-pt\/wp-json\/wp\/v2\/comments?post=2575"}],"version-history":[{"count":3,"href":"https:\/\/www.regaenergy.com\/pt-pt\/wp-json\/wp\/v2\/pages\/2575\/revisions"}],"predecessor-version":[{"id":2585,"href":"https:\/\/www.regaenergy.com\/pt-pt\/wp-json\/wp\/v2\/pages\/2575\/revisions\/2585"}],"wp:attachment":[{"href":"https:\/\/www.regaenergy.com\/pt-pt\/wp-json\/wp\/v2\/media?parent=2575"}],"curies":[{"name":"wp","href":"https:\/\/api.w.org\/{rel}","templated":true}]}}