{"id":2572,"date":"2024-09-17T10:12:04","date_gmt":"2024-09-17T10:12:04","guid":{"rendered":"https:\/\/www.regaenergy.com\/aviso-de-privacidade\/"},"modified":"2026-04-21T09:25:12","modified_gmt":"2026-04-21T09:25:12","slug":"aviso-de-privacidade","status":"publish","type":"page","link":"https:\/\/www.regaenergy.com\/pt-pt\/aviso-de-privacidade\/","title":{"rendered":"Aviso de Privacidade"},"content":{"rendered":"[vc_row type=&#8221;full_width_background&#8221; full_screen_row_position=&#8221;middle&#8221; column_margin=&#8221;default&#8221; column_direction=&#8221;default&#8221; column_direction_tablet=&#8221;default&#8221; column_direction_phone=&#8221;default&#8221; bg_color=&#8221;#e9e5e1&#8243; scene_position=&#8221;center&#8221; top_padding=&#8221;10%&#8221; bottom_padding=&#8221;5%&#8221; text_color=&#8221;dark&#8221; text_align=&#8221;left&#8221; row_border_radius=&#8221;none&#8221; row_border_radius_applies=&#8221;bg&#8221; overflow=&#8221;visible&#8221; overlay_strength=&#8221;0.3&#8243; gradient_direction=&#8221;left_to_right&#8221; shape_divider_position=&#8221;bottom&#8221; bg_image_animation=&#8221;none&#8221; gradient_type=&#8221;default&#8221; shape_type=&#8221;&#8221;][vc_column column_padding=&#8221;no-extra-padding&#8221; column_padding_tablet=&#8221;inherit&#8221; column_padding_phone=&#8221;inherit&#8221; column_padding_position=&#8221;all&#8221; column_element_direction_desktop=&#8221;default&#8221; column_element_spacing=&#8221;default&#8221; desktop_text_alignment=&#8221;default&#8221; tablet_text_alignment=&#8221;default&#8221; phone_text_alignment=&#8221;default&#8221; background_color_opacity=&#8221;1&#8243; background_hover_color_opacity=&#8221;1&#8243; column_backdrop_filter=&#8221;none&#8221; column_shadow=&#8221;none&#8221; column_border_radius=&#8221;none&#8221; column_link_target=&#8221;_self&#8221; column_position=&#8221;default&#8221; gradient_direction=&#8221;left_to_right&#8221; overlay_strength=&#8221;0.3&#8243; width=&#8221;1\/1&#8243; tablet_width_inherit=&#8221;default&#8221; animation_type=&#8221;default&#8221; bg_image_animation=&#8221;none&#8221; border_type=&#8221;simple&#8221; column_border_width=&#8221;none&#8221; column_border_style=&#8221;solid&#8221;][vc_column_text css=&#8221;&#8221; text_direction=&#8221;default&#8221;]\n<h1 style=\"text-align: center;\"><strong>Aviso de Privacidade <\/strong><\/h1>\n<p>&nbsp;<\/p>\n<p>&nbsp;<\/p>\n<p>&nbsp;<\/p>\n<h5><\/h5>\n<ul>\n<li><strong>Respons\u00e1vel pelo Tratamento:<\/strong> REGAENERGY GROUP, S.A. (&#8220;REGA ENERGY&#8221;)<\/li>\n<li><span lang=\"PT-BR\">Matriculada na Conservat\u00f3ria do Registo Comercial do Porto (NIPC 516438999)<\/span><\/li>\n<li><strong>Capital Social:<\/strong> EUR 64,917.00<\/li>\n<li><strong>Morada: <\/strong>Avenida Engenheiro Duarte Pacheco, N\u00ba26, piso 12, 1070-111 Lisboa<\/li>\n<li><strong>E-mail<\/strong>: <a href=\"mailto:rgpd@regaenergy.com\">rgpd@regaenergy.com<\/a><\/li>\n<\/ul>\n<p>&nbsp;<\/p>\n<h5><strong><u>Finalidade do tratamento e fundamentos jur\u00eddicos aplic\u00e1veis<\/u><\/strong><\/h5>\n<p>Na qualidade de Respons\u00e1vel pelo Tratamento, a Rega Energy trata dados pessoais dos Utilizadores do <em>website <\/em><a href=\"http:\/\/www.regaenergy.com\">www.regaenergy.com<\/a> (&#8220;<strong>Website<\/strong>&#8220;). O presente documento cont\u00e9m informa\u00e7\u00e3o relativa ao tratamento de dados que \u00e9 realizado.<\/p>\n<p>Os dados pessoais recolhidos atrav\u00e9s do Website ser\u00e3o tratados para as seguintes finalidades e com os seguintes fundamentos jur\u00eddicos:<\/p>\n<ul>\n<li>An\u00e1lise dos contactos efetuados por potenciais Clientes ou Parceiros da REGA ENERGY efetuados atrav\u00e9s do Website. Neste caso iremos tratar os dados pessoais dos trabalhadores e\/ou representantes legais dos potenciais Clientes ou Parceiros da REGA ENERGY (caso esteja em causa uma pessoa coletiva), ou do pr\u00f3prio potencial Parceiro (caso seja um t\u00e9cnico especializado a trabalhar por conta pr\u00f3pria), sendo, respetivamente, o fundamento jur\u00eddico aplic\u00e1vel (i) o nosso interesse leg\u00edtimo em responder \u00e0s quest\u00f5es colocadas e, quando aplic\u00e1vel, adotar as dilig\u00eancias necess\u00e1rias para estabelecer rela\u00e7\u00f5es contratuais ou (ii) a execu\u00e7\u00e3o de um contrato no qual o titular dos dados \u00e9 parte, ou para dilig\u00eancias pr\u00e9-contratuais a pedido do titular dos dados.<\/li>\n<li>Tratamento de cookies com a finalidade de entregar de forma eficiente as fontes e para melhorar a performance do carregamento das fontes do Website, tendo como fundamento jur\u00eddico o nosso interesse leg\u00edtimo em fornecer-lhe uma experi\u00eancia agrad\u00e1vel e eficiente durante a navega\u00e7\u00e3o no Website (para informa\u00e7\u00e3o adicional quanto aos cookies utilizados por favor consultar a nossa Pol\u00edtica de Cookies).<\/li>\n<li>Processamento de candidaturas a vagas de trabalho em aberto na REGA ENERGY, bem como de candidaturas espont\u00e2neas. Neste caso o fundamento jur\u00eddico aplic\u00e1vel ser\u00e1 o interesse leg\u00edtimo da REGA ENERGY em proceder \u00e0 an\u00e1lise das candidaturas apresentadas, bem como, no caso dos candidatos que sejam contratados, a tomada de dilig\u00eancias pr\u00e9-contratuais ou contratuais, a pedido do titular de dados.<\/li>\n<\/ul>\n<p>No caso de n\u00e3o ser admitido\/a para a vaga a que se candidatou (caso se trate de uma candidatura para uma vaga espec\u00edfica), poderemos conservar os seus dados pessoais na nossa base de dados pelo per\u00edodo de 2 (dois) anos com o objetivo de avaliarmos o seu perfil para potenciais vagas na REGA ENERGY. No entanto, notamos que apenas procederemos a esta conserva\u00e7\u00e3o caso nos seja fornecido consentimento para tal<strong>.<\/strong> O consentimento que nos preste \u00e9 livremente revog\u00e1vel a todo o tempo, sem que tal comprometa a licitude do tratamento que haja sido realizado at\u00e9 esse momento e sem que consequ\u00eancias negativas possam da\u00ed advir para o titular de dados<strong>.<\/strong><\/p>\n<p>No que respeita \u00e0s candidaturas espont\u00e2neas, iremos conservar os seus dados por um per\u00edodo de 2 (dois) anos a contar desde o momento da candidatura, com o objetivo de avaliarmos o seu perfil para potenciais vagas na REGA ENERGY. Caso n\u00e3o pretenda que procedamos a esta conserva\u00e7\u00e3o dever\u00e1 opor-se ao tratamento dos seus dados pessoais enviando um email para o endere\u00e7o indicado em \u201cDireitos dos titulares dos dados\u201d.<\/p>\n<h5><strong><u>Transmiss\u00e3o de dados pessoais<\/u><\/strong><\/h5>\n<p>Podemos comunicar os dados pessoais objeto de tratamento a qualquer sociedade na qual a REGA ENERGY detenha (diretamente ou indiretamente) uma participa\u00e7\u00e3o no respetivo capital social, a prestadores de servi\u00e7os de tecnologias de informa\u00e7\u00e3o que nos prestam servi\u00e7os de gest\u00e3o e manuten\u00e7\u00e3o do website, assim como a entidades terceiras para efeitos de cumprimento de obriga\u00e7\u00f5es legais que sejam aplic\u00e1veis a cada caso.<\/p>\n<p>&nbsp;<\/p>\n<h5><strong><u>Conserva\u00e7\u00e3o de dados pessoais<\/u><\/strong><\/h5>\n<p>Os seus dados pessoais ser\u00e3o conservados pelo per\u00edodo estritamente necess\u00e1rio \u00e0 prossecu\u00e7\u00e3o das finalidades para as quais foram recolhidos ou pelo per\u00edodo estritamente necess\u00e1rio para o cumprimento de qualquer obriga\u00e7\u00e3o legal.<\/p>\n<p>No caso das candidaturas, os seus dados pessoais ser\u00e3o conservados pelo per\u00edodo de 5 (cinco) anos. Neste caso os dados pessoais n\u00e3o ser\u00e3o tratados para qualquer outra finalidade, a n\u00e3o ser que se verifique uma das situa\u00e7\u00f5es descritas no ponto iii. da se\u00e7\u00e3o \u201cFinalidade do tratamento e fundamentos jur\u00eddicos aplic\u00e1veis\u201d.<\/p>\n<p>&nbsp;<\/p>\n<h5><strong><u>Direitos dos titulares dos dados<\/u><\/strong><\/h5>\n<p>Os titulares de dados podem, conforme aplic\u00e1vel, exercer os seguintes direitos relativamente ao tratamento dos seus dados pessoais:<\/p>\n<ul>\n<li><strong>Acesso:<\/strong> poder\u00e3o obter informa\u00e7\u00e3o quanto a se estamos a tratar os seus dados pessoais, assim como consultar os seus dados pessoais;<\/li>\n<li><strong>Retifica\u00e7\u00e3o:<\/strong> poder\u00e3o alterar os dados pessoais quando estejam incorretos, assim como completar aqueles que estejam incompletos;<\/li>\n<li><strong>Apagamento:<\/strong> poder\u00e3o solicitar o apagamento dos dados pessoais quando, entre outras raz\u00f5es, os dados pessoais j\u00e1 n\u00e3o sejam necess\u00e1rios para as finalidades para as quais foram recolhidos;<\/li>\n<li><strong>Oposi\u00e7\u00e3o:<\/strong> em determinadas situa\u00e7\u00f5es, poder\u00e3o requerer que os dados pessoais deixem de ser tratados. Nesse caso, iremos cessar o tratamento dos dados pessoais, exceto se existirem motivos leg\u00edtimos para a continua\u00e7\u00e3o do tratamento ou se este for necess\u00e1rio para a declara\u00e7\u00e3o, exerc\u00edcio ou defesa de direitos num processo administrativo, judicial ou extrajudicial;<\/li>\n<li><strong>Limita\u00e7\u00e3o do tratamento:<\/strong> poder\u00e3o requerer a limita\u00e7\u00e3o do tratamento dos dados pessoais nas seguintes situa\u00e7\u00f5es: (a) durante a contesta\u00e7\u00e3o da exatid\u00e3o dos seus dados pessoais, (b) quando o tratamento for l\u00edcito e se tenham oposto ao mesmo e solicitado a limita\u00e7\u00e3o do uso dos dados pessoais, (c) quando j\u00e1 n\u00e3o precisemos de tratar dados pessoais, mas precisemos dos mesmos para o exerc\u00edcio ou defesa de direitos num processo administrativo, judicial ou extrajudicial; (d) quando se tenham oposto ao tratamento dos seus dados pessoais para o cumprimento de uma obriga\u00e7\u00e3o de interesse p\u00fablico ou para a satisfa\u00e7\u00e3o de um interesse leg\u00edtimo, enquanto se verificar que esses motivos leg\u00edtimos para o tratamento prevalecem sobre os seus motivos;<\/li>\n<li><strong>Portabilidade:<\/strong> em determinadas situa\u00e7\u00f5es os titulares dos dados ter\u00e3o direito a receber, num formato estruturado, de uso corrente e leitura autom\u00e1tica, os dados pessoais que nos tenham disponibilizado e aqueles que se tenham obtido a partir da sua rela\u00e7\u00e3o connosco, assim como a transmiti-los a outra entidade.<\/li>\n<\/ul>\n<p>Para qualquer quest\u00e3o ou exerc\u00edcio dos referidos direitos dever\u00e1 enviar um email para rgpd@regaenergy.com, sem preju\u00edzo de, caso seja necess\u00e1rio, podermos solicitar o envio de um documento que comprove a sua identidade. Dever\u00e1 tamb\u00e9m ser indicado o direito que pretende exercer. O exerc\u00edcio dos direitos \u00e9 gratuito, exceto se se tratar de um pedido manifestamente infundado, excessivo ou reiterado.<\/p>\n<p>Por \u00faltimo, fazemos notar que os titulares dos dados poder\u00e3o apresentar uma reclama\u00e7\u00e3o junto da Comiss\u00e3o Nacional de Prote\u00e7\u00e3o de Dados <a href=\"http:\/\/www.cnpd.pt\">(www.cnpd.pt)<\/a>.<\/p>\n<p>&nbsp;<\/p>\n<h5><strong><u>Altera\u00e7\u00f5es ao Aviso de Privacidade<\/u><\/strong><\/h5>\n<p>A REGA ENERGY poder\u00e1 a qualquer momento alterar o conte\u00fado do Aviso de Privacidade.<\/p>\n<p>Quaisquer altera\u00e7\u00f5es ao Aviso de Privacidade ser\u00e3o comunicadas atrav\u00e9s de um pop-up ou atrav\u00e9s do envio de e-mail para os Utilizadores que tenham utilizado os formul\u00e1rios de contacto dispon\u00edveis no Website.<\/p>\n<p>&nbsp;<\/p>\n<h5><strong><u>Vers\u00e3o<\/u><\/strong><\/h5>\n<p>26.09.2024<u><\/u><\/p>\n<ul>\n<li><a href=\"\/pt-pt\/aviso-de-privacidade-clientes\/\"><strong>\u00c9 Cliente?<\/strong><\/a><\/li>\n<li><a href=\"\/pt-pt\/aviso-de-privacidade-fornecedores-e-parceiros\/\"><strong>\u00c9 Fornecedor?<\/strong><\/a><\/li>\n<\/ul>\n[\/vc_column_text][\/vc_column][\/vc_row]\n","protected":false},"excerpt":{"rendered":"<p>[vc_row type=&#8221;full_width_background&#8221; full_screen_row_position=&#8221;middle&#8221; column_margin=&#8221;default&#8221; column_direction=&#8221;default&#8221; column_direction_tablet=&#8221;default&#8221; column_direction_phone=&#8221;default&#8221; bg_color=&#8221;#e9e5e1&#8243; scene_position=&#8221;center&#8221; top_padding=&#8221;10%&#8221; bottom_padding=&#8221;5%&#8221; text_color=&#8221;dark&#8221; text_align=&#8221;left&#8221; row_border_radius=&#8221;none&#8221; row_border_radius_applies=&#8221;bg&#8221; overflow=&#8221;visible&#8221; overlay_strength=&#8221;0.3&#8243; gradient_direction=&#8221;left_to_right&#8221; shape_divider_position=&#8221;bottom&#8221; bg_image_animation=&#8221;none&#8221; gradient_type=&#8221;default&#8221; shape_type=&#8221;&#8221;][vc_column column_padding=&#8221;no-extra-padding&#8221; column_padding_tablet=&#8221;inherit&#8221; column_padding_phone=&#8221;inherit&#8221; column_padding_position=&#8221;all&#8221; column_element_direction_desktop=&#8221;default&#8221; column_element_spacing=&#8221;default&#8221; desktop_text_alignment=&#8221;default&#8221; tablet_text_alignment=&#8221;default&#8221;&#8230;<\/p>\n","protected":false},"author":1,"featured_media":0,"parent":0,"menu_order":0,"comment_status":"closed","ping_status":"closed","template":"","meta":{"footnotes":""},"class_list":["post-2572","page","type-page","status-publish"],"yoast_head":"<!-- This site is optimized with the Yoast SEO plugin v23.0 - https:\/\/yoast.com\/wordpress\/plugins\/seo\/ -->\r\n<title>Aviso de Privacidade - Rega Energy<\/title>\r\n<meta name=\"robots\" content=\"index, follow, max-snippet:-1, max-image-preview:large, max-video-preview:-1\" \/>\r\n<link rel=\"canonical\" href=\"https:\/\/www.regaenergy.com\/pt-pt\/aviso-de-privacidade\/\" \/>\r\n<meta property=\"og:locale\" content=\"pt_PT\" \/>\r\n<meta property=\"og:type\" content=\"article\" \/>\r\n<meta property=\"og:title\" content=\"Aviso de Privacidade - Rega Energy\" \/>\r\n<meta property=\"og:description\" content=\"[vc_row type=&#8221;full_width_background&#8221; full_screen_row_position=&#8221;middle&#8221; column_margin=&#8221;default&#8221; column_direction=&#8221;default&#8221; column_direction_tablet=&#8221;default&#8221; column_direction_phone=&#8221;default&#8221; bg_color=&#8221;#e9e5e1&#8243; scene_position=&#8221;center&#8221; top_padding=&#8221;10%&#8221; bottom_padding=&#8221;5%&#8221; text_color=&#8221;dark&#8221; text_align=&#8221;left&#8221; row_border_radius=&#8221;none&#8221; row_border_radius_applies=&#8221;bg&#8221; overflow=&#8221;visible&#8221; overlay_strength=&#8221;0.3&#8243; gradient_direction=&#8221;left_to_right&#8221; shape_divider_position=&#8221;bottom&#8221; bg_image_animation=&#8221;none&#8221; gradient_type=&#8221;default&#8221; shape_type=&#8221;&#8221;][vc_column column_padding=&#8221;no-extra-padding&#8221; column_padding_tablet=&#8221;inherit&#8221; column_padding_phone=&#8221;inherit&#8221; column_padding_position=&#8221;all&#8221; column_element_direction_desktop=&#8221;default&#8221; column_element_spacing=&#8221;default&#8221; desktop_text_alignment=&#8221;default&#8221; tablet_text_alignment=&#8221;default&#8221;...\" \/>\r\n<meta property=\"og:url\" content=\"https:\/\/www.regaenergy.com\/pt-pt\/aviso-de-privacidade\/\" \/>\r\n<meta property=\"og:site_name\" content=\"Rega Energy\" \/>\r\n<meta property=\"article:modified_time\" content=\"2026-04-21T09:25:12+00:00\" \/>\r\n<meta name=\"twitter:card\" content=\"summary_large_image\" \/>\r\n<meta name=\"twitter:label1\" content=\"Tempo estimado de leitura\" \/>\n\t<meta name=\"twitter:data1\" content=\"5 minutos\" \/>\r\n<script type=\"application\/ld+json\" class=\"yoast-schema-graph\">{\"@context\":\"https:\/\/schema.org\",\"@graph\":[{\"@type\":\"WebPage\",\"@id\":\"https:\/\/www.regaenergy.com\/pt-pt\/aviso-de-privacidade\/\",\"url\":\"https:\/\/www.regaenergy.com\/pt-pt\/aviso-de-privacidade\/\",\"name\":\"Aviso de Privacidade - Rega Energy\",\"isPartOf\":{\"@id\":\"https:\/\/www.regaenergy.com\/#website\"},\"datePublished\":\"2024-09-17T10:12:04+00:00\",\"dateModified\":\"2026-04-21T09:25:12+00:00\",\"breadcrumb\":{\"@id\":\"https:\/\/www.regaenergy.com\/pt-pt\/aviso-de-privacidade\/#breadcrumb\"},\"inLanguage\":\"pt-PT\",\"potentialAction\":[{\"@type\":\"ReadAction\",\"target\":[\"https:\/\/www.regaenergy.com\/pt-pt\/aviso-de-privacidade\/\"]}]},{\"@type\":\"BreadcrumbList\",\"@id\":\"https:\/\/www.regaenergy.com\/pt-pt\/aviso-de-privacidade\/#breadcrumb\",\"itemListElement\":[{\"@type\":\"ListItem\",\"position\":1,\"name\":\"Home\",\"item\":\"https:\/\/www.regaenergy.com\/pt-pt\/\"},{\"@type\":\"ListItem\",\"position\":2,\"name\":\"Aviso de Privacidade\"}]},{\"@type\":\"WebSite\",\"@id\":\"https:\/\/www.regaenergy.com\/#website\",\"url\":\"https:\/\/www.regaenergy.com\/\",\"name\":\"Rega Energy\",\"description\":\"\",\"potentialAction\":[{\"@type\":\"SearchAction\",\"target\":{\"@type\":\"EntryPoint\",\"urlTemplate\":\"https:\/\/www.regaenergy.com\/?s={search_term_string}\"},\"query-input\":\"required name=search_term_string\"}],\"inLanguage\":\"pt-PT\"}]}<\/script>\r\n<!-- \/ Yoast SEO plugin. -->","yoast_head_json":{"title":"Aviso de Privacidade - Rega Energy","robots":{"index":"index","follow":"follow","max-snippet":"max-snippet:-1","max-image-preview":"max-image-preview:large","max-video-preview":"max-video-preview:-1"},"canonical":"https:\/\/www.regaenergy.com\/pt-pt\/aviso-de-privacidade\/","og_locale":"pt_PT","og_type":"article","og_title":"Aviso de Privacidade - Rega Energy","og_description":"[vc_row type=&#8221;full_width_background&#8221; full_screen_row_position=&#8221;middle&#8221; column_margin=&#8221;default&#8221; column_direction=&#8221;default&#8221; column_direction_tablet=&#8221;default&#8221; column_direction_phone=&#8221;default&#8221; bg_color=&#8221;#e9e5e1&#8243; scene_position=&#8221;center&#8221; top_padding=&#8221;10%&#8221; bottom_padding=&#8221;5%&#8221; text_color=&#8221;dark&#8221; text_align=&#8221;left&#8221; row_border_radius=&#8221;none&#8221; row_border_radius_applies=&#8221;bg&#8221; overflow=&#8221;visible&#8221; overlay_strength=&#8221;0.3&#8243; gradient_direction=&#8221;left_to_right&#8221; shape_divider_position=&#8221;bottom&#8221; bg_image_animation=&#8221;none&#8221; gradient_type=&#8221;default&#8221; shape_type=&#8221;&#8221;][vc_column column_padding=&#8221;no-extra-padding&#8221; column_padding_tablet=&#8221;inherit&#8221; column_padding_phone=&#8221;inherit&#8221; column_padding_position=&#8221;all&#8221; column_element_direction_desktop=&#8221;default&#8221; column_element_spacing=&#8221;default&#8221; desktop_text_alignment=&#8221;default&#8221; tablet_text_alignment=&#8221;default&#8221;...","og_url":"https:\/\/www.regaenergy.com\/pt-pt\/aviso-de-privacidade\/","og_site_name":"Rega Energy","article_modified_time":"2026-04-21T09:25:12+00:00","twitter_card":"summary_large_image","twitter_misc":{"Tempo estimado de leitura":"5 minutos"},"schema":{"@context":"https:\/\/schema.org","@graph":[{"@type":"WebPage","@id":"https:\/\/www.regaenergy.com\/pt-pt\/aviso-de-privacidade\/","url":"https:\/\/www.regaenergy.com\/pt-pt\/aviso-de-privacidade\/","name":"Aviso de Privacidade - Rega Energy","isPartOf":{"@id":"https:\/\/www.regaenergy.com\/#website"},"datePublished":"2024-09-17T10:12:04+00:00","dateModified":"2026-04-21T09:25:12+00:00","breadcrumb":{"@id":"https:\/\/www.regaenergy.com\/pt-pt\/aviso-de-privacidade\/#breadcrumb"},"inLanguage":"pt-PT","potentialAction":[{"@type":"ReadAction","target":["https:\/\/www.regaenergy.com\/pt-pt\/aviso-de-privacidade\/"]}]},{"@type":"BreadcrumbList","@id":"https:\/\/www.regaenergy.com\/pt-pt\/aviso-de-privacidade\/#breadcrumb","itemListElement":[{"@type":"ListItem","position":1,"name":"Home","item":"https:\/\/www.regaenergy.com\/pt-pt\/"},{"@type":"ListItem","position":2,"name":"Aviso de Privacidade"}]},{"@type":"WebSite","@id":"https:\/\/www.regaenergy.com\/#website","url":"https:\/\/www.regaenergy.com\/","name":"Rega Energy","description":"","potentialAction":[{"@type":"SearchAction","target":{"@type":"EntryPoint","urlTemplate":"https:\/\/www.regaenergy.com\/?s={search_term_string}"},"query-input":"required name=search_term_string"}],"inLanguage":"pt-PT"}]}},"_links":{"self":[{"href":"https:\/\/www.regaenergy.com\/pt-pt\/wp-json\/wp\/v2\/pages\/2572"}],"collection":[{"href":"https:\/\/www.regaenergy.com\/pt-pt\/wp-json\/wp\/v2\/pages"}],"about":[{"href":"https:\/\/www.regaenergy.com\/pt-pt\/wp-json\/wp\/v2\/types\/page"}],"author":[{"embeddable":true,"href":"https:\/\/www.regaenergy.com\/pt-pt\/wp-json\/wp\/v2\/users\/1"}],"replies":[{"embeddable":true,"href":"https:\/\/www.regaenergy.com\/pt-pt\/wp-json\/wp\/v2\/comments?post=2572"}],"version-history":[{"count":12,"href":"https:\/\/www.regaenergy.com\/pt-pt\/wp-json\/wp\/v2\/pages\/2572\/revisions"}],"predecessor-version":[{"id":2801,"href":"https:\/\/www.regaenergy.com\/pt-pt\/wp-json\/wp\/v2\/pages\/2572\/revisions\/2801"}],"wp:attachment":[{"href":"https:\/\/www.regaenergy.com\/pt-pt\/wp-json\/wp\/v2\/media?parent=2572"}],"curies":[{"name":"wp","href":"https:\/\/api.w.org\/{rel}","templated":true}]}}